{"id":783861,"date":"2024-10-27T14:35:07","date_gmt":"2024-10-27T13:35:07","guid":{"rendered":"https:\/\/streetmarkets.fr\/app\/produit\/sac-de-plage-chanel\/"},"modified":"2026-05-05T07:34:23","modified_gmt":"2026-05-05T05:34:23","slug":"sac-de-plage-chanel","status":"publish","type":"product","link":"https:\/\/streetmarkets.fr\/app\/produit\/sac-de-plage-chanel\/","title":{"rendered":"Sac de plage Chanel"},"content":{"rendered":"<p>Sac de plage Chanel en tissu bleu et blanc sigl\u00e9 Chanel. Port\u00e9 \u00e0 l&#8217;\u00e9paule. Jamais port\u00e9.<\/p>\n","protected":false},"excerpt":{"rendered":"<p>Sac de plage Chanel en tissu bleu et blanc sigl\u00e9 Chanel. Port\u00e9 \u00e0 l&#8217;\u00e9paule. Jamais port\u00e9.<\/p>\n","protected":false},"featured_media":783862,"comment_status":"open","ping_status":"closed","template":"","meta":[],"product_brand":[],"product_cat":[1756,1764],"product_tag":[2122],"acf":[],"_links":{"self":[{"href":"https:\/\/streetmarkets.fr\/app\/wp-json\/wp\/v2\/product\/783861"}],"collection":[{"href":"https:\/\/streetmarkets.fr\/app\/wp-json\/wp\/v2\/product"}],"about":[{"href":"https:\/\/streetmarkets.fr\/app\/wp-json\/wp\/v2\/types\/product"}],"replies":[{"embeddable":true,"href":"https:\/\/streetmarkets.fr\/app\/wp-json\/wp\/v2\/comments?post=783861"}],"wp:featuredmedia":[{"embeddable":true,"href":"https:\/\/streetmarkets.fr\/app\/wp-json\/wp\/v2\/media\/783862"}],"wp:attachment":[{"href":"https:\/\/streetmarkets.fr\/app\/wp-json\/wp\/v2\/media?parent=783861"}],"wp:term":[{"taxonomy":"product_brand","embeddable":true,"href":"https:\/\/streetmarkets.fr\/app\/wp-json\/wp\/v2\/product_brand?post=783861"},{"taxonomy":"product_cat","embeddable":true,"href":"https:\/\/streetmarkets.fr\/app\/wp-json\/wp\/v2\/product_cat?post=783861"},{"taxonomy":"product_tag","embeddable":true,"href":"https:\/\/streetmarkets.fr\/app\/wp-json\/wp\/v2\/product_tag?post=783861"}],"curies":[{"name":"wp","href":"https:\/\/api.w.org\/{rel}","templated":true}]}}