{"id":783818,"date":"2024-10-27T14:35:05","date_gmt":"2024-10-27T13:35:05","guid":{"rendered":"https:\/\/streetmarkets.fr\/app\/produit\/sac-a-dos-chanel-coco-neige\/"},"modified":"2026-05-05T07:34:23","modified_gmt":"2026-05-05T05:34:23","slug":"sac-a-dos-chanel-coco-neige","status":"publish","type":"product","link":"https:\/\/streetmarkets.fr\/app\/produit\/sac-a-dos-chanel-coco-neige\/","title":{"rendered":"Sac \u00e0 dos Chanel Coco neige"},"content":{"rendered":"<p>Sac \u00e0 dos Chanel Coco neige en nylon de couleur argent. Le Chanel est emboss\u00e9. Fermeture zipp\u00e9e. En tr\u00e8s bon \u00e9tat.<\/p>\n","protected":false},"excerpt":{"rendered":"<p>Sac \u00e0 dos Chanel Coco neige en nylon de couleur argent. Le Chanel est emboss\u00e9. Fermeture zipp\u00e9e. En tr\u00e8s bon \u00e9tat.<\/p>\n","protected":false},"featured_media":783819,"comment_status":"open","ping_status":"closed","template":"","meta":[],"product_brand":[],"product_cat":[1756,1764],"product_tag":[2122],"acf":[],"_links":{"self":[{"href":"https:\/\/streetmarkets.fr\/app\/wp-json\/wp\/v2\/product\/783818"}],"collection":[{"href":"https:\/\/streetmarkets.fr\/app\/wp-json\/wp\/v2\/product"}],"about":[{"href":"https:\/\/streetmarkets.fr\/app\/wp-json\/wp\/v2\/types\/product"}],"replies":[{"embeddable":true,"href":"https:\/\/streetmarkets.fr\/app\/wp-json\/wp\/v2\/comments?post=783818"}],"wp:featuredmedia":[{"embeddable":true,"href":"https:\/\/streetmarkets.fr\/app\/wp-json\/wp\/v2\/media\/783819"}],"wp:attachment":[{"href":"https:\/\/streetmarkets.fr\/app\/wp-json\/wp\/v2\/media?parent=783818"}],"wp:term":[{"taxonomy":"product_brand","embeddable":true,"href":"https:\/\/streetmarkets.fr\/app\/wp-json\/wp\/v2\/product_brand?post=783818"},{"taxonomy":"product_cat","embeddable":true,"href":"https:\/\/streetmarkets.fr\/app\/wp-json\/wp\/v2\/product_cat?post=783818"},{"taxonomy":"product_tag","embeddable":true,"href":"https:\/\/streetmarkets.fr\/app\/wp-json\/wp\/v2\/product_tag?post=783818"}],"curies":[{"name":"wp","href":"https:\/\/api.w.org\/{rel}","templated":true}]}}