{"id":782709,"date":"2024-10-27T14:31:15","date_gmt":"2024-10-27T13:31:15","guid":{"rendered":"https:\/\/streetmarkets.fr\/app\/produit\/sac-a-dos-dior-toile\/"},"modified":"2026-05-08T07:32:08","modified_gmt":"2026-05-08T05:32:08","slug":"sac-a-dos-dior-toile","status":"publish","type":"product","link":"https:\/\/streetmarkets.fr\/app\/produit\/sac-a-dos-dior-toile\/","title":{"rendered":"Sac \u00e0 dos Dior toile"},"content":{"rendered":"<p>Sac \u00e0 dos Dior en toile noirematelass\u00e9e. Fermeture zipp\u00e9e. En tr\u00e8s bon \u00e9tat.<\/p>\n","protected":false},"excerpt":{"rendered":"<p>Sac \u00e0 dos Dior en toile noirematelass\u00e9e. Fermeture zipp\u00e9e. En tr\u00e8s bon \u00e9tat.<\/p>\n","protected":false},"featured_media":782710,"comment_status":"open","ping_status":"closed","template":"","meta":[],"product_brand":[],"product_cat":[1756,1760],"product_tag":[2122],"acf":[],"_links":{"self":[{"href":"https:\/\/streetmarkets.fr\/app\/wp-json\/wp\/v2\/product\/782709"}],"collection":[{"href":"https:\/\/streetmarkets.fr\/app\/wp-json\/wp\/v2\/product"}],"about":[{"href":"https:\/\/streetmarkets.fr\/app\/wp-json\/wp\/v2\/types\/product"}],"replies":[{"embeddable":true,"href":"https:\/\/streetmarkets.fr\/app\/wp-json\/wp\/v2\/comments?post=782709"}],"wp:featuredmedia":[{"embeddable":true,"href":"https:\/\/streetmarkets.fr\/app\/wp-json\/wp\/v2\/media\/782710"}],"wp:attachment":[{"href":"https:\/\/streetmarkets.fr\/app\/wp-json\/wp\/v2\/media?parent=782709"}],"wp:term":[{"taxonomy":"product_brand","embeddable":true,"href":"https:\/\/streetmarkets.fr\/app\/wp-json\/wp\/v2\/product_brand?post=782709"},{"taxonomy":"product_cat","embeddable":true,"href":"https:\/\/streetmarkets.fr\/app\/wp-json\/wp\/v2\/product_cat?post=782709"},{"taxonomy":"product_tag","embeddable":true,"href":"https:\/\/streetmarkets.fr\/app\/wp-json\/wp\/v2\/product_tag?post=782709"}],"curies":[{"name":"wp","href":"https:\/\/api.w.org\/{rel}","templated":true}]}}