{"id":782647,"date":"2024-10-27T14:31:11","date_gmt":"2024-10-27T13:31:11","guid":{"rendered":"https:\/\/streetmarkets.fr\/app\/produit\/echarpe-courte-hermes-piccolina-cassis\/"},"modified":"2026-04-12T07:32:31","modified_gmt":"2026-04-12T05:32:31","slug":"echarpe-courte-hermes-piccolina-cassis","status":"publish","type":"product","link":"https:\/\/streetmarkets.fr\/app\/produit\/echarpe-courte-hermes-piccolina-cassis\/","title":{"rendered":"Echarpe courte Herm\u00e8s piccolina cassis"},"content":{"rendered":"<p>Echarpe Herm\u00e8s en cachemire piccolina cassis. En tr\u00e8s bon \u00e9tat.<\/p>\n","protected":false},"excerpt":{"rendered":"<p>Echarpe Herm\u00e8s en cachemire piccolina cassis. En tr\u00e8s bon \u00e9tat.<\/p>\n","protected":false},"featured_media":782648,"comment_status":"open","ping_status":"closed","template":"","meta":[],"product_brand":[],"product_cat":[1756,1760],"product_tag":[2122],"acf":[],"_links":{"self":[{"href":"https:\/\/streetmarkets.fr\/app\/wp-json\/wp\/v2\/product\/782647"}],"collection":[{"href":"https:\/\/streetmarkets.fr\/app\/wp-json\/wp\/v2\/product"}],"about":[{"href":"https:\/\/streetmarkets.fr\/app\/wp-json\/wp\/v2\/types\/product"}],"replies":[{"embeddable":true,"href":"https:\/\/streetmarkets.fr\/app\/wp-json\/wp\/v2\/comments?post=782647"}],"wp:featuredmedia":[{"embeddable":true,"href":"https:\/\/streetmarkets.fr\/app\/wp-json\/wp\/v2\/media\/782648"}],"wp:attachment":[{"href":"https:\/\/streetmarkets.fr\/app\/wp-json\/wp\/v2\/media?parent=782647"}],"wp:term":[{"taxonomy":"product_brand","embeddable":true,"href":"https:\/\/streetmarkets.fr\/app\/wp-json\/wp\/v2\/product_brand?post=782647"},{"taxonomy":"product_cat","embeddable":true,"href":"https:\/\/streetmarkets.fr\/app\/wp-json\/wp\/v2\/product_cat?post=782647"},{"taxonomy":"product_tag","embeddable":true,"href":"https:\/\/streetmarkets.fr\/app\/wp-json\/wp\/v2\/product_tag?post=782647"}],"curies":[{"name":"wp","href":"https:\/\/api.w.org\/{rel}","templated":true}]}}