{"id":782357,"date":"2024-10-27T14:30:23","date_gmt":"2024-10-27T13:30:23","guid":{"rendered":"https:\/\/streetmarkets.fr\/app\/produit\/pochette-zippee-marc-jacobs\/"},"modified":"2026-04-07T07:32:23","modified_gmt":"2026-04-07T05:32:23","slug":"pochette-zippee-marc-jacobs","status":"publish","type":"product","link":"https:\/\/streetmarkets.fr\/app\/produit\/pochette-zippee-marc-jacobs\/","title":{"rendered":"Pochette zipp\u00e9e Marc Jacobs"},"content":{"rendered":"<p>Pochette zipp\u00e9e Marc Jacobs en tissu noir et blanc. En tr\u00e8s bon \u00e9tat.<\/p>\n","protected":false},"excerpt":{"rendered":"<p>Pochette zipp\u00e9e Marc Jacobs en tissu noir et blanc. En tr\u00e8s bon \u00e9tat.<\/p>\n","protected":false},"featured_media":782358,"comment_status":"open","ping_status":"closed","template":"","meta":[],"product_brand":[],"product_cat":[1756,1760],"product_tag":[2122],"acf":[],"_links":{"self":[{"href":"https:\/\/streetmarkets.fr\/app\/wp-json\/wp\/v2\/product\/782357"}],"collection":[{"href":"https:\/\/streetmarkets.fr\/app\/wp-json\/wp\/v2\/product"}],"about":[{"href":"https:\/\/streetmarkets.fr\/app\/wp-json\/wp\/v2\/types\/product"}],"replies":[{"embeddable":true,"href":"https:\/\/streetmarkets.fr\/app\/wp-json\/wp\/v2\/comments?post=782357"}],"wp:featuredmedia":[{"embeddable":true,"href":"https:\/\/streetmarkets.fr\/app\/wp-json\/wp\/v2\/media\/782358"}],"wp:attachment":[{"href":"https:\/\/streetmarkets.fr\/app\/wp-json\/wp\/v2\/media?parent=782357"}],"wp:term":[{"taxonomy":"product_brand","embeddable":true,"href":"https:\/\/streetmarkets.fr\/app\/wp-json\/wp\/v2\/product_brand?post=782357"},{"taxonomy":"product_cat","embeddable":true,"href":"https:\/\/streetmarkets.fr\/app\/wp-json\/wp\/v2\/product_cat?post=782357"},{"taxonomy":"product_tag","embeddable":true,"href":"https:\/\/streetmarkets.fr\/app\/wp-json\/wp\/v2\/product_tag?post=782357"}],"curies":[{"name":"wp","href":"https:\/\/api.w.org\/{rel}","templated":true}]}}