{"id":781959,"date":"2024-10-27T14:28:54","date_gmt":"2024-10-27T13:28:54","guid":{"rendered":"https:\/\/streetmarkets.fr\/app\/produit\/plaid-hermes-avalon-terre-dh-diagonal\/"},"modified":"2026-05-10T07:32:07","modified_gmt":"2026-05-10T05:32:07","slug":"plaid-hermes-avalon-terre-dh-diagonal","status":"publish","type":"product","link":"https:\/\/streetmarkets.fr\/app\/produit\/plaid-hermes-avalon-terre-dh-diagonal\/","title":{"rendered":"Plaid Herm\u00e8s &#8220;Avalon terre d&#8217;H diagonal&#8221;"},"content":{"rendered":"<p>Plaid Herm\u00e8s en cachemire &#8220;Avalon terre d&#8217;H diagonal&#8221;. En tr\u00e8s bon \u00e9tat.<\/p>\n","protected":false},"excerpt":{"rendered":"<p>Plaid Herm\u00e8s en cachemire &#8220;Avalon terre d&#8217;H diagonal&#8221;. En tr\u00e8s bon \u00e9tat.<\/p>\n","protected":false},"featured_media":781960,"comment_status":"open","ping_status":"closed","template":"","meta":[],"product_brand":[],"product_cat":[1756,1760],"product_tag":[2122],"acf":[],"_links":{"self":[{"href":"https:\/\/streetmarkets.fr\/app\/wp-json\/wp\/v2\/product\/781959"}],"collection":[{"href":"https:\/\/streetmarkets.fr\/app\/wp-json\/wp\/v2\/product"}],"about":[{"href":"https:\/\/streetmarkets.fr\/app\/wp-json\/wp\/v2\/types\/product"}],"replies":[{"embeddable":true,"href":"https:\/\/streetmarkets.fr\/app\/wp-json\/wp\/v2\/comments?post=781959"}],"wp:featuredmedia":[{"embeddable":true,"href":"https:\/\/streetmarkets.fr\/app\/wp-json\/wp\/v2\/media\/781960"}],"wp:attachment":[{"href":"https:\/\/streetmarkets.fr\/app\/wp-json\/wp\/v2\/media?parent=781959"}],"wp:term":[{"taxonomy":"product_brand","embeddable":true,"href":"https:\/\/streetmarkets.fr\/app\/wp-json\/wp\/v2\/product_brand?post=781959"},{"taxonomy":"product_cat","embeddable":true,"href":"https:\/\/streetmarkets.fr\/app\/wp-json\/wp\/v2\/product_cat?post=781959"},{"taxonomy":"product_tag","embeddable":true,"href":"https:\/\/streetmarkets.fr\/app\/wp-json\/wp\/v2\/product_tag?post=781959"}],"curies":[{"name":"wp","href":"https:\/\/api.w.org\/{rel}","templated":true}]}}