{"id":780187,"date":"2024-10-26T02:22:34","date_gmt":"2024-10-26T00:22:34","guid":{"rendered":"https:\/\/streetmarkets.fr\/app\/produit\/pull-col-montant-h24-femme-noir-3\/"},"modified":"2025-02-18T01:07:07","modified_gmt":"2025-02-18T00:07:07","slug":"pull-col-montant-h24-femme-noir-3","status":"publish","type":"product","link":"https:\/\/streetmarkets.fr\/app\/produit\/pull-col-montant-h24-femme-noir-3\/","title":{"rendered":"Pull Col Montant (H24 \/ FEMME \/ Noir)"},"content":{"rendered":"<p>Ce pull c\u00f4tel\u00e9, confectionn\u00e9 en laine m\u00e9rinos certifi\u00e9e RWS (Responsible Wool Standard), est muni d&#8217;un col montant et de manches longues. Orn\u00e9 d&#8217;une broderie &#8220;FF&#8221; \u00e0 l&#8217;avant, des liser\u00e9s se dessinent le long de la silhouette, cr\u00e9ant un jeu de contrastes audacieux. \u00c0 porter comme une seconde peau, compl\u00e9tez votre look de saison avec un pantalon d\u00e9contract\u00e9 ou un jean structur\u00e9.<\/p>\n<p>&#8211; Pull en laine m\u00e9rinos Femme<br \/>\n<br \/>&#8211; C\u00f4tel\u00e9<br \/>\n<br \/>&#8211; Broderie &#8220;FF&#8221;<br \/>\n<br \/>&#8211; Liser\u00e9s contrast\u00e9s<br \/>\n<br \/>&#8211; Col montant<br \/>\n<br \/>&#8211; Manches longues<br \/>\n<br \/>&#8211; Coupe slim<br \/>\n<br \/>&#8211; Laine m\u00e9rinos : respirante et thermor\u00e9gulatrice, elle peut \u00eatre port\u00e9e \u00e9t\u00e9 comme hiver<\/p>\n","protected":false},"excerpt":{"rendered":"<p>Ce pull c\u00f4tel\u00e9, confectionn\u00e9 en laine m\u00e9rinos certifi\u00e9e RWS (Responsible Wool Standard), est muni d&#8217;un col montant et de manches longues. Orn\u00e9 d&#8217;une broderie &#8220;FF&#8221; \u00e0 l&#8217;avant, des liser\u00e9s se dessinent le long de la silhouette, cr\u00e9ant un jeu de contrastes audacieux. \u00c0 porter comme une seconde peau, compl\u00e9tez votre look de saison avec un [&hellip;]<\/p>\n","protected":false},"featured_media":780188,"comment_status":"open","ping_status":"closed","template":"","meta":[],"product_brand":[6868],"product_cat":[1756,1762],"product_tag":[2244],"acf":[],"_links":{"self":[{"href":"https:\/\/streetmarkets.fr\/app\/wp-json\/wp\/v2\/product\/780187"}],"collection":[{"href":"https:\/\/streetmarkets.fr\/app\/wp-json\/wp\/v2\/product"}],"about":[{"href":"https:\/\/streetmarkets.fr\/app\/wp-json\/wp\/v2\/types\/product"}],"replies":[{"embeddable":true,"href":"https:\/\/streetmarkets.fr\/app\/wp-json\/wp\/v2\/comments?post=780187"}],"wp:featuredmedia":[{"embeddable":true,"href":"https:\/\/streetmarkets.fr\/app\/wp-json\/wp\/v2\/media\/780188"}],"wp:attachment":[{"href":"https:\/\/streetmarkets.fr\/app\/wp-json\/wp\/v2\/media?parent=780187"}],"wp:term":[{"taxonomy":"product_brand","embeddable":true,"href":"https:\/\/streetmarkets.fr\/app\/wp-json\/wp\/v2\/product_brand?post=780187"},{"taxonomy":"product_cat","embeddable":true,"href":"https:\/\/streetmarkets.fr\/app\/wp-json\/wp\/v2\/product_cat?post=780187"},{"taxonomy":"product_tag","embeddable":true,"href":"https:\/\/streetmarkets.fr\/app\/wp-json\/wp\/v2\/product_tag?post=780187"}],"curies":[{"name":"wp","href":"https:\/\/api.w.org\/{rel}","templated":true}]}}