{"id":780173,"date":"2024-10-26T02:22:27","date_gmt":"2024-10-26T00:22:27","guid":{"rendered":"https:\/\/streetmarkets.fr\/app\/produit\/outerwear-veste-caban-h24-femme-sable\/"},"modified":"2025-03-05T01:00:16","modified_gmt":"2025-03-05T00:00:16","slug":"outerwear-veste-caban-h24-femme-sable","status":"publish","type":"product","link":"https:\/\/streetmarkets.fr\/app\/produit\/outerwear-veste-caban-h24-femme-sable\/","title":{"rendered":"Outerwear Veste Caban (H24 \/ FEMME \/ Sable)"},"content":{"rendered":"<p>D\u00e9clin\u00e9e dans une couleur douce, cette veste caban courte apporte un suppl\u00e9ment d&#8217;\u00e9clat \u00e0 votre allure de saison. Confectionn\u00e9 en laine certifi\u00e9e RWS (Responsable Wool Standard), elle dessine une silhouette structur\u00e9e par un col tailleur, une fermeture \u00e0 double boutonnage et deux poches \u00e0 rabat. <\/p>\n<p>&#8211; Veste caban en laine Femme<br \/>\n<br \/>&#8211; Col tailleur<br \/>\n<br \/>&#8211; Fermeture \u00e0 double boutonnage<br \/>\n<br \/>&#8211; 2 poches \u00e0 rabat<br \/>\n<br \/>&#8211; Manches longues<br \/>\n<br \/>&#8211; Petites fentes lat\u00e9rales<br \/>\n<br \/>&#8211; Coupe regular<\/p>\n","protected":false},"excerpt":{"rendered":"<p>D\u00e9clin\u00e9e dans une couleur douce, cette veste caban courte apporte un suppl\u00e9ment d&#8217;\u00e9clat \u00e0 votre allure de saison. Confectionn\u00e9 en laine certifi\u00e9e RWS (Responsable Wool Standard), elle dessine une silhouette structur\u00e9e par un col tailleur, une fermeture \u00e0 double boutonnage et deux poches \u00e0 rabat. &#8211; Veste caban en laine Femme &#8211; Col tailleur &#8211; [&hellip;]<\/p>\n","protected":false},"featured_media":780174,"comment_status":"open","ping_status":"closed","template":"","meta":[],"product_brand":[6868],"product_cat":[1756,1762],"product_tag":[2244],"acf":[],"_links":{"self":[{"href":"https:\/\/streetmarkets.fr\/app\/wp-json\/wp\/v2\/product\/780173"}],"collection":[{"href":"https:\/\/streetmarkets.fr\/app\/wp-json\/wp\/v2\/product"}],"about":[{"href":"https:\/\/streetmarkets.fr\/app\/wp-json\/wp\/v2\/types\/product"}],"replies":[{"embeddable":true,"href":"https:\/\/streetmarkets.fr\/app\/wp-json\/wp\/v2\/comments?post=780173"}],"wp:featuredmedia":[{"embeddable":true,"href":"https:\/\/streetmarkets.fr\/app\/wp-json\/wp\/v2\/media\/780174"}],"wp:attachment":[{"href":"https:\/\/streetmarkets.fr\/app\/wp-json\/wp\/v2\/media?parent=780173"}],"wp:term":[{"taxonomy":"product_brand","embeddable":true,"href":"https:\/\/streetmarkets.fr\/app\/wp-json\/wp\/v2\/product_brand?post=780173"},{"taxonomy":"product_cat","embeddable":true,"href":"https:\/\/streetmarkets.fr\/app\/wp-json\/wp\/v2\/product_cat?post=780173"},{"taxonomy":"product_tag","embeddable":true,"href":"https:\/\/streetmarkets.fr\/app\/wp-json\/wp\/v2\/product_tag?post=780173"}],"curies":[{"name":"wp","href":"https:\/\/api.w.org\/{rel}","templated":true}]}}