{"id":780144,"date":"2024-10-26T02:22:19","date_gmt":"2024-10-26T00:22:19","guid":{"rendered":"https:\/\/streetmarkets.fr\/app\/produit\/outerwear-manteau-poches-h24-femme-rayures-navy\/"},"modified":"2025-03-21T00:57:12","modified_gmt":"2025-03-20T23:57:12","slug":"outerwear-manteau-poches-h24-femme-rayures-navy","status":"publish","type":"product","link":"https:\/\/streetmarkets.fr\/app\/produit\/outerwear-manteau-poches-h24-femme-rayures-navy\/","title":{"rendered":"Outerwear Manteau Poches (H24 \/ FEMME \/ Rayures Navy)"},"content":{"rendered":"<p>Ce manteau long, confectionn\u00e9 en laine certifi\u00e9e RWS (Responsable Wool Standard), se pare d&#8217;un jeu de rayures pour twister votre silhouette de saison. Muni d&#8217;une fermeture boutonn\u00e9e, un col tailleur et deux poches \u00e0 rabat, il s\u00e9duit par sa coupe impeccable et ses lignes affirm\u00e9es.<\/p>\n<p>&#8211; Manteau long en laine Femme<br \/>\n<br \/>&#8211; Imprim\u00e9 rayures<br \/>\n<br \/>&#8211; Col tailleur<br \/>\n<br \/>&#8211; Fermeture boutonn\u00e9e<br \/>\n<br \/>&#8211; 2 poches \u00e0 rabat<br \/>\n<br \/>&#8211; Manches longues<br \/>\n<br \/>&#8211; Coupe regular<\/p>\n","protected":false},"excerpt":{"rendered":"<p>Ce manteau long, confectionn\u00e9 en laine certifi\u00e9e RWS (Responsable Wool Standard), se pare d&#8217;un jeu de rayures pour twister votre silhouette de saison. Muni d&#8217;une fermeture boutonn\u00e9e, un col tailleur et deux poches \u00e0 rabat, il s\u00e9duit par sa coupe impeccable et ses lignes affirm\u00e9es. &#8211; Manteau long en laine Femme &#8211; Imprim\u00e9 rayures &#8211; [&hellip;]<\/p>\n","protected":false},"featured_media":780145,"comment_status":"open","ping_status":"closed","template":"","meta":[],"product_brand":[6868],"product_cat":[1756,1762],"product_tag":[2244],"acf":[],"_links":{"self":[{"href":"https:\/\/streetmarkets.fr\/app\/wp-json\/wp\/v2\/product\/780144"}],"collection":[{"href":"https:\/\/streetmarkets.fr\/app\/wp-json\/wp\/v2\/product"}],"about":[{"href":"https:\/\/streetmarkets.fr\/app\/wp-json\/wp\/v2\/types\/product"}],"replies":[{"embeddable":true,"href":"https:\/\/streetmarkets.fr\/app\/wp-json\/wp\/v2\/comments?post=780144"}],"wp:featuredmedia":[{"embeddable":true,"href":"https:\/\/streetmarkets.fr\/app\/wp-json\/wp\/v2\/media\/780145"}],"wp:attachment":[{"href":"https:\/\/streetmarkets.fr\/app\/wp-json\/wp\/v2\/media?parent=780144"}],"wp:term":[{"taxonomy":"product_brand","embeddable":true,"href":"https:\/\/streetmarkets.fr\/app\/wp-json\/wp\/v2\/product_brand?post=780144"},{"taxonomy":"product_cat","embeddable":true,"href":"https:\/\/streetmarkets.fr\/app\/wp-json\/wp\/v2\/product_cat?post=780144"},{"taxonomy":"product_tag","embeddable":true,"href":"https:\/\/streetmarkets.fr\/app\/wp-json\/wp\/v2\/product_tag?post=780144"}],"curies":[{"name":"wp","href":"https:\/\/api.w.org\/{rel}","templated":true}]}}