{"id":780131,"date":"2024-10-26T02:22:18","date_gmt":"2024-10-26T00:22:18","guid":{"rendered":"https:\/\/streetmarkets.fr\/app\/produit\/outerwear-manteau-sans-manches-h24-femme-navy\/"},"modified":"2025-03-05T01:00:15","modified_gmt":"2025-03-05T00:00:15","slug":"outerwear-manteau-sans-manches-h24-femme-navy","status":"publish","type":"product","link":"https:\/\/streetmarkets.fr\/app\/produit\/outerwear-manteau-sans-manches-h24-femme-navy\/","title":{"rendered":"Outerwear Manteau Sans Manches (H24 \/ FEMME \/ Navy)"},"content":{"rendered":"<p>Confectionn\u00e9 en laine certifi\u00e9e RWS (Responsable Wool Standard), ce long manteau sans manches joue des lignes pour une silhouette \u00e9lanc\u00e9e. Muni d&#8217;une fermeture boutonn\u00e9e, il affiche un col tailleur et deux poches plaqu\u00e9es. Intemporel et \u00e9l\u00e9gant, mixez-le \u00e0 un pull c\u00f4tel\u00e9 et un pantalon de tailleur.<\/p>\n<p>&#8211; Manteau sans manches long en laine Femme<br \/>\n<br \/>&#8211; Col tailleur<br \/>\n<br \/>&#8211; Fermeture boutonn\u00e9e<br \/>\n<br \/>&#8211; 2 poches plaqu\u00e9es<br \/>\n<br \/>&#8211; Coupe regular<\/p>\n","protected":false},"excerpt":{"rendered":"<p>Confectionn\u00e9 en laine certifi\u00e9e RWS (Responsable Wool Standard), ce long manteau sans manches joue des lignes pour une silhouette \u00e9lanc\u00e9e. Muni d&#8217;une fermeture boutonn\u00e9e, il affiche un col tailleur et deux poches plaqu\u00e9es. Intemporel et \u00e9l\u00e9gant, mixez-le \u00e0 un pull c\u00f4tel\u00e9 et un pantalon de tailleur. &#8211; Manteau sans manches long en laine Femme &#8211; [&hellip;]<\/p>\n","protected":false},"featured_media":780132,"comment_status":"open","ping_status":"closed","template":"","meta":[],"product_brand":[6868],"product_cat":[1756,1762],"product_tag":[2244],"acf":[],"_links":{"self":[{"href":"https:\/\/streetmarkets.fr\/app\/wp-json\/wp\/v2\/product\/780131"}],"collection":[{"href":"https:\/\/streetmarkets.fr\/app\/wp-json\/wp\/v2\/product"}],"about":[{"href":"https:\/\/streetmarkets.fr\/app\/wp-json\/wp\/v2\/types\/product"}],"replies":[{"embeddable":true,"href":"https:\/\/streetmarkets.fr\/app\/wp-json\/wp\/v2\/comments?post=780131"}],"wp:featuredmedia":[{"embeddable":true,"href":"https:\/\/streetmarkets.fr\/app\/wp-json\/wp\/v2\/media\/780132"}],"wp:attachment":[{"href":"https:\/\/streetmarkets.fr\/app\/wp-json\/wp\/v2\/media?parent=780131"}],"wp:term":[{"taxonomy":"product_brand","embeddable":true,"href":"https:\/\/streetmarkets.fr\/app\/wp-json\/wp\/v2\/product_brand?post=780131"},{"taxonomy":"product_cat","embeddable":true,"href":"https:\/\/streetmarkets.fr\/app\/wp-json\/wp\/v2\/product_cat?post=780131"},{"taxonomy":"product_tag","embeddable":true,"href":"https:\/\/streetmarkets.fr\/app\/wp-json\/wp\/v2\/product_tag?post=780131"}],"curies":[{"name":"wp","href":"https:\/\/api.w.org\/{rel}","templated":true}]}}