{"id":780121,"date":"2024-10-26T02:22:14","date_gmt":"2024-10-26T00:22:14","guid":{"rendered":"https:\/\/streetmarkets.fr\/app\/produit\/pull-col-rond-love-club-h24-homme-noir\/"},"modified":"2025-02-04T01:07:50","modified_gmt":"2025-02-04T00:07:50","slug":"pull-col-rond-love-club-h24-homme-noir","status":"publish","type":"product","link":"https:\/\/streetmarkets.fr\/app\/produit\/pull-col-rond-love-club-h24-homme-noir\/","title":{"rendered":"Pull Col Rond Love Club (H24 \/ HOMME \/ Noir)"},"content":{"rendered":"<p>Succombez \u00e0 l&#8217;\u00e9l\u00e9gance de ce pull en cachemire infiniment doux. Dot\u00e9 d&#8217;un col rond, de manches longues et de bords c\u00f4tel\u00e9s, une d\u00e9claration audacieuse &#8220;Love Club&#8221; s&#8217;invite \u00e0 l&#8217;avant. Associez-le \u00e0 un pantalon structur\u00e9 ou un jean d\u00e9contract\u00e9 pour un look chic et casual.<\/p>\n<p>&#8211; Pull en cachemire certifi\u00e9 GCS\u00ae Homme<br \/>\n<br \/>&#8211; Message &#8220;Love Club&#8221;<br \/>\n<br \/>&#8211; Col rond<br \/>\n<br \/>&#8211; Manches longues<br \/>\n<br \/>&#8211; Bords c\u00f4tel\u00e9s<br \/>\n<br \/>&#8211; Coupe regular<br \/>\n<br \/>&#8211; Le Good Cashmere Standard\u00ae (GCS) est une norme ind\u00e9pendante pour un cachemire plus durable et plus responsable. Il vise \u00e0 am\u00e9liorer le bien-\u00eatre des ch\u00e8vres cachemire, les conditions de travail des \u00e9leveurs ainsi qu&#8217;\u00e0 prot\u00e9ger l&#8217;environnement.<br \/>&#8211; <u>Cachemire 4 fils<\/u> <\/p>\n","protected":false},"excerpt":{"rendered":"<p>Succombez \u00e0 l&#8217;\u00e9l\u00e9gance de ce pull en cachemire infiniment doux. Dot\u00e9 d&#8217;un col rond, de manches longues et de bords c\u00f4tel\u00e9s, une d\u00e9claration audacieuse &#8220;Love Club&#8221; s&#8217;invite \u00e0 l&#8217;avant. Associez-le \u00e0 un pantalon structur\u00e9 ou un jean d\u00e9contract\u00e9 pour un look chic et casual. &#8211; Pull en cachemire certifi\u00e9 GCS\u00ae Homme &#8211; Message &#8220;Love Club&#8221; [&hellip;]<\/p>\n","protected":false},"featured_media":780122,"comment_status":"open","ping_status":"closed","template":"","meta":[],"product_brand":[6868],"product_cat":[1756,1758],"product_tag":[2244],"acf":[],"_links":{"self":[{"href":"https:\/\/streetmarkets.fr\/app\/wp-json\/wp\/v2\/product\/780121"}],"collection":[{"href":"https:\/\/streetmarkets.fr\/app\/wp-json\/wp\/v2\/product"}],"about":[{"href":"https:\/\/streetmarkets.fr\/app\/wp-json\/wp\/v2\/types\/product"}],"replies":[{"embeddable":true,"href":"https:\/\/streetmarkets.fr\/app\/wp-json\/wp\/v2\/comments?post=780121"}],"wp:featuredmedia":[{"embeddable":true,"href":"https:\/\/streetmarkets.fr\/app\/wp-json\/wp\/v2\/media\/780122"}],"wp:attachment":[{"href":"https:\/\/streetmarkets.fr\/app\/wp-json\/wp\/v2\/media?parent=780121"}],"wp:term":[{"taxonomy":"product_brand","embeddable":true,"href":"https:\/\/streetmarkets.fr\/app\/wp-json\/wp\/v2\/product_brand?post=780121"},{"taxonomy":"product_cat","embeddable":true,"href":"https:\/\/streetmarkets.fr\/app\/wp-json\/wp\/v2\/product_cat?post=780121"},{"taxonomy":"product_tag","embeddable":true,"href":"https:\/\/streetmarkets.fr\/app\/wp-json\/wp\/v2\/product_tag?post=780121"}],"curies":[{"name":"wp","href":"https:\/\/api.w.org\/{rel}","templated":true}]}}