{"id":780113,"date":"2024-10-26T02:22:10","date_gmt":"2024-10-26T00:22:10","guid":{"rendered":"https:\/\/streetmarkets.fr\/app\/produit\/pull-gilet-h24-homme-noir\/"},"modified":"2025-02-04T01:07:50","modified_gmt":"2025-02-04T00:07:50","slug":"pull-gilet-h24-homme-noir","status":"publish","type":"product","link":"https:\/\/streetmarkets.fr\/app\/produit\/pull-gilet-h24-homme-noir\/","title":{"rendered":"Pull Gilet (H24 \/ HOMME \/ Noir)"},"content":{"rendered":"<p>Confectionn\u00e9, en 100% laine m\u00e9rinos certifi\u00e9e RWS (Responsible Wool Standard), ce pull gilet zipp\u00e9 s&#8217;impose comme un incontournable du vestiaire masculin. Muni d&#8217;un col chemise, de deux poches plaqu\u00e9es et de manches longues, il conf\u00e8re une silhouette structur\u00e9e en toute \u00e9l\u00e9gance. <\/p>\n<p>&#8211; Pull gilet en laine m\u00e9rinos Homme<br \/>\n<br \/>&#8211; Col chemise<br \/>\n<br \/>&#8211; Fermeture zipp\u00e9e<br \/>\n<br \/>&#8211; 2 poches plaqu\u00e9es<br \/>\n<br \/>&#8211; Manches longues<br \/>\n<br \/>&#8211; Coupe regular<br \/>\n<br \/>&#8211; Laine m\u00e9rinos : respirante et thermor\u00e9gulatrice, elle peut \u00eatre port\u00e9e \u00e9t\u00e9 comme hiver<\/p>\n","protected":false},"excerpt":{"rendered":"<p>Confectionn\u00e9, en 100% laine m\u00e9rinos certifi\u00e9e RWS (Responsible Wool Standard), ce pull gilet zipp\u00e9 s&#8217;impose comme un incontournable du vestiaire masculin. Muni d&#8217;un col chemise, de deux poches plaqu\u00e9es et de manches longues, il conf\u00e8re une silhouette structur\u00e9e en toute \u00e9l\u00e9gance. &#8211; Pull gilet en laine m\u00e9rinos Homme &#8211; Col chemise &#8211; Fermeture zipp\u00e9e &#8211; [&hellip;]<\/p>\n","protected":false},"featured_media":780114,"comment_status":"open","ping_status":"closed","template":"","meta":[],"product_brand":[6868],"product_cat":[1756,1758],"product_tag":[2244],"acf":[],"_links":{"self":[{"href":"https:\/\/streetmarkets.fr\/app\/wp-json\/wp\/v2\/product\/780113"}],"collection":[{"href":"https:\/\/streetmarkets.fr\/app\/wp-json\/wp\/v2\/product"}],"about":[{"href":"https:\/\/streetmarkets.fr\/app\/wp-json\/wp\/v2\/types\/product"}],"replies":[{"embeddable":true,"href":"https:\/\/streetmarkets.fr\/app\/wp-json\/wp\/v2\/comments?post=780113"}],"wp:featuredmedia":[{"embeddable":true,"href":"https:\/\/streetmarkets.fr\/app\/wp-json\/wp\/v2\/media\/780114"}],"wp:attachment":[{"href":"https:\/\/streetmarkets.fr\/app\/wp-json\/wp\/v2\/media?parent=780113"}],"wp:term":[{"taxonomy":"product_brand","embeddable":true,"href":"https:\/\/streetmarkets.fr\/app\/wp-json\/wp\/v2\/product_brand?post=780113"},{"taxonomy":"product_cat","embeddable":true,"href":"https:\/\/streetmarkets.fr\/app\/wp-json\/wp\/v2\/product_cat?post=780113"},{"taxonomy":"product_tag","embeddable":true,"href":"https:\/\/streetmarkets.fr\/app\/wp-json\/wp\/v2\/product_tag?post=780113"}],"curies":[{"name":"wp","href":"https:\/\/api.w.org\/{rel}","templated":true}]}}