{"id":780102,"date":"2024-10-26T02:22:09","date_gmt":"2024-10-26T00:22:09","guid":{"rendered":"https:\/\/streetmarkets.fr\/app\/produit\/outerwear-veste-h24-homme-sable\/"},"modified":"2025-03-10T01:08:09","modified_gmt":"2025-03-10T00:08:09","slug":"outerwear-veste-h24-homme-sable","status":"publish","type":"product","link":"https:\/\/streetmarkets.fr\/app\/produit\/outerwear-veste-h24-homme-sable\/","title":{"rendered":"Outerwear Veste (H24 \/ HOMME \/ Sable)"},"content":{"rendered":"<p>Pi\u00e8ce indispensable du vestiaire, cette veste confectionn\u00e9e en laine double face certifi\u00e9e RWS (Responsable Wool Standard) structure la silhouette avec style. Munie de manches longues, elle affiche une fermeture boutonn\u00e9e et deux poches. Intemporelle et \u00e9l\u00e9gante, mixez-la \u00e0 un pull c\u00f4tel\u00e9 et un pantalon structur\u00e9.<\/p>\n<p>&#8211; Veste courte en laine double face Homme<br \/>\n<br \/>&#8211; Col chemise<br \/>\n<br \/>&#8211; Fermeture boutonn\u00e9e<br \/>\n<br \/>&#8211; 2 poches<br \/>\n<br \/>&#8211; Manches longues<br \/>\n<br \/>&#8211; Coupe regular<\/p>\n","protected":false},"excerpt":{"rendered":"<p>Pi\u00e8ce indispensable du vestiaire, cette veste confectionn\u00e9e en laine double face certifi\u00e9e RWS (Responsable Wool Standard) structure la silhouette avec style. Munie de manches longues, elle affiche une fermeture boutonn\u00e9e et deux poches. Intemporelle et \u00e9l\u00e9gante, mixez-la \u00e0 un pull c\u00f4tel\u00e9 et un pantalon structur\u00e9. &#8211; Veste courte en laine double face Homme &#8211; Col [&hellip;]<\/p>\n","protected":false},"featured_media":780103,"comment_status":"open","ping_status":"closed","template":"","meta":[],"product_brand":[6868],"product_cat":[1756,1758],"product_tag":[2244],"acf":[],"_links":{"self":[{"href":"https:\/\/streetmarkets.fr\/app\/wp-json\/wp\/v2\/product\/780102"}],"collection":[{"href":"https:\/\/streetmarkets.fr\/app\/wp-json\/wp\/v2\/product"}],"about":[{"href":"https:\/\/streetmarkets.fr\/app\/wp-json\/wp\/v2\/types\/product"}],"replies":[{"embeddable":true,"href":"https:\/\/streetmarkets.fr\/app\/wp-json\/wp\/v2\/comments?post=780102"}],"wp:featuredmedia":[{"embeddable":true,"href":"https:\/\/streetmarkets.fr\/app\/wp-json\/wp\/v2\/media\/780103"}],"wp:attachment":[{"href":"https:\/\/streetmarkets.fr\/app\/wp-json\/wp\/v2\/media?parent=780102"}],"wp:term":[{"taxonomy":"product_brand","embeddable":true,"href":"https:\/\/streetmarkets.fr\/app\/wp-json\/wp\/v2\/product_brand?post=780102"},{"taxonomy":"product_cat","embeddable":true,"href":"https:\/\/streetmarkets.fr\/app\/wp-json\/wp\/v2\/product_cat?post=780102"},{"taxonomy":"product_tag","embeddable":true,"href":"https:\/\/streetmarkets.fr\/app\/wp-json\/wp\/v2\/product_tag?post=780102"}],"curies":[{"name":"wp","href":"https:\/\/api.w.org\/{rel}","templated":true}]}}