{"id":780074,"date":"2024-10-26T02:21:52","date_gmt":"2024-10-26T00:21:52","guid":{"rendered":"https:\/\/streetmarkets.fr\/app\/produit\/cagoule-regular-h24-accessoires-fairy-pink\/"},"modified":"2025-03-01T01:07:58","modified_gmt":"2025-03-01T00:07:58","slug":"cagoule-regular-h24-accessoires-fairy-pink","status":"publish","type":"product","link":"https:\/\/streetmarkets.fr\/app\/produit\/cagoule-regular-h24-accessoires-fairy-pink\/","title":{"rendered":"Cagoule Regular Cachemire Bross\u00e9 (H24 \/ ACCESSOIRES \/ Fairy Pink)"},"content":{"rendered":"<p>Confectionn\u00e9e en cachemire bross\u00e9, cette cagoule d\u00e9voile des bords c\u00f4tel\u00e9s pour un ajustement parfait. D\u00e9clin\u00e9e dans un rose vibrant, elle r\u00e9chauffe votre silhouette avec une touche d&#8217;\u00e9l\u00e9gance.<\/p>\n<p>&#8211; Cagoule en cachemire bross\u00e9<br \/>\n<br \/>&#8211; Bords c\u00f4tel\u00e9s<br \/>\n<br \/>&#8211; Taille unique<br \/>&#8211; <u>Cachemire 2 fils<\/u> <\/p>\n","protected":false},"excerpt":{"rendered":"<p>Confectionn\u00e9e en cachemire bross\u00e9, cette cagoule d\u00e9voile des bords c\u00f4tel\u00e9s pour un ajustement parfait. D\u00e9clin\u00e9e dans un rose vibrant, elle r\u00e9chauffe votre silhouette avec une touche d&#8217;\u00e9l\u00e9gance. &#8211; Cagoule en cachemire bross\u00e9 &#8211; Bords c\u00f4tel\u00e9s &#8211; Taille unique&#8211; Cachemire 2 fils<\/p>\n","protected":false},"featured_media":780075,"comment_status":"open","ping_status":"closed","template":"","meta":[],"product_brand":[6868],"product_cat":[1756,1764],"product_tag":[2244],"acf":[],"_links":{"self":[{"href":"https:\/\/streetmarkets.fr\/app\/wp-json\/wp\/v2\/product\/780074"}],"collection":[{"href":"https:\/\/streetmarkets.fr\/app\/wp-json\/wp\/v2\/product"}],"about":[{"href":"https:\/\/streetmarkets.fr\/app\/wp-json\/wp\/v2\/types\/product"}],"replies":[{"embeddable":true,"href":"https:\/\/streetmarkets.fr\/app\/wp-json\/wp\/v2\/comments?post=780074"}],"wp:featuredmedia":[{"embeddable":true,"href":"https:\/\/streetmarkets.fr\/app\/wp-json\/wp\/v2\/media\/780075"}],"wp:attachment":[{"href":"https:\/\/streetmarkets.fr\/app\/wp-json\/wp\/v2\/media?parent=780074"}],"wp:term":[{"taxonomy":"product_brand","embeddable":true,"href":"https:\/\/streetmarkets.fr\/app\/wp-json\/wp\/v2\/product_brand?post=780074"},{"taxonomy":"product_cat","embeddable":true,"href":"https:\/\/streetmarkets.fr\/app\/wp-json\/wp\/v2\/product_cat?post=780074"},{"taxonomy":"product_tag","embeddable":true,"href":"https:\/\/streetmarkets.fr\/app\/wp-json\/wp\/v2\/product_tag?post=780074"}],"curies":[{"name":"wp","href":"https:\/\/api.w.org\/{rel}","templated":true}]}}