{"id":779309,"date":"2024-10-26T01:25:20","date_gmt":"2024-10-25T23:25:20","guid":{"rendered":"https:\/\/streetmarkets.fr\/app\/produit\/pins-snoopy-football\/"},"modified":"2026-05-06T01:14:04","modified_gmt":"2026-05-05T23:14:04","slug":"pins-snoopy-football","status":"publish","type":"product","link":"https:\/\/streetmarkets.fr\/app\/produit\/pins-snoopy-football\/","title":{"rendered":"Pin&#8217;s Snoopy Football"},"content":{"rendered":"<div class=\"rte-content\" id=\"product-description-short-41\">\n <strong><a href=\"https:\/\/frenchtouche.com\/collections\/magpie\" title=\"Collection Magpie\">Collection Magpie<\/a><\/strong>\n<\/div>\n<div class=\"rte-content\"><\/div>\n<div class=\"rte-content\">\n<p><span data-mce-fragment=\"1\">Des\u00a0produits trop choupis issus d&#8217;une collaboration\u00a0avec la fabuleuse bande dessin\u00e9e de Charles M. Schulz,<\/span><span data-mce-fragment=\"1\">\u00a0<\/span><em data-mce-fragment=\"1\">Peanuts<\/em><span data-mce-fragment=\"1\">\u00a0<\/span><span data-mce-fragment=\"1\">!<\/span><br data-mce-fragment=\"1\"><br data-mce-fragment=\"1\"><span data-mce-fragment=\"1\">La bande dessin\u00e9e am\u00e9ricaine, cr\u00e9e dans les ann\u00e9es 50, refl\u00e8te les r\u00e9alit\u00e9s quotidiennes mais au sein d&#8217;une soci\u00e9t\u00e9 sans adulte, copiant les hauts et les bas, les soucis et les angoisses de la vie.<\/span><\/p>\n<p>Voil\u00e0 une\u00a0s\u00e9rie\u00a0de pin&#8217;s\u00a0super mignons\u00a0avec\u00a0le c\u00e9l\u00e8bre chien Snoopy !<\/p>\n<ul>\n<li>Laiton nickel\u00e9 noir et \u00e9mail color\u00e9<\/li>\n<li>Avec carte de support violette\n<\/li>\n<li>Environ 3,4 cm de hauteur\n<\/li>\n<\/ul>\n<\/div>\n<div class=\"rte-content\"><\/div>\n","protected":false},"excerpt":{"rendered":"<p>Collection Magpie Des\u00a0produits trop choupis issus d&#8217;une collaboration\u00a0avec la fabuleuse bande dessin\u00e9e de Charles M. Schulz,\u00a0Peanuts\u00a0!La bande dessin\u00e9e am\u00e9ricaine, cr\u00e9e dans les ann\u00e9es 50, refl\u00e8te les r\u00e9alit\u00e9s quotidiennes mais au sein d&#8217;une soci\u00e9t\u00e9 sans adulte, copiant les hauts et les bas, les soucis et les angoisses de la vie. Voil\u00e0 une\u00a0s\u00e9rie\u00a0de pin&#8217;s\u00a0super mignons\u00a0avec\u00a0le c\u00e9l\u00e8bre chien [&hellip;]<\/p>\n","protected":false},"featured_media":779310,"comment_status":"open","ping_status":"closed","template":"","meta":[],"product_brand":[],"product_cat":[1756,1764],"product_tag":[2244,1811],"acf":[],"_links":{"self":[{"href":"https:\/\/streetmarkets.fr\/app\/wp-json\/wp\/v2\/product\/779309"}],"collection":[{"href":"https:\/\/streetmarkets.fr\/app\/wp-json\/wp\/v2\/product"}],"about":[{"href":"https:\/\/streetmarkets.fr\/app\/wp-json\/wp\/v2\/types\/product"}],"replies":[{"embeddable":true,"href":"https:\/\/streetmarkets.fr\/app\/wp-json\/wp\/v2\/comments?post=779309"}],"wp:featuredmedia":[{"embeddable":true,"href":"https:\/\/streetmarkets.fr\/app\/wp-json\/wp\/v2\/media\/779310"}],"wp:attachment":[{"href":"https:\/\/streetmarkets.fr\/app\/wp-json\/wp\/v2\/media?parent=779309"}],"wp:term":[{"taxonomy":"product_brand","embeddable":true,"href":"https:\/\/streetmarkets.fr\/app\/wp-json\/wp\/v2\/product_brand?post=779309"},{"taxonomy":"product_cat","embeddable":true,"href":"https:\/\/streetmarkets.fr\/app\/wp-json\/wp\/v2\/product_cat?post=779309"},{"taxonomy":"product_tag","embeddable":true,"href":"https:\/\/streetmarkets.fr\/app\/wp-json\/wp\/v2\/product_tag?post=779309"}],"curies":[{"name":"wp","href":"https:\/\/api.w.org\/{rel}","templated":true}]}}