{"id":778455,"date":"2024-10-24T06:44:37","date_gmt":"2024-10-24T04:44:37","guid":{"rendered":"https:\/\/streetmarkets.fr\/app\/produit\/bilbao_sk-blazer-42675\/"},"modified":"2026-03-16T05:42:49","modified_gmt":"2026-03-16T04:42:49","slug":"bilbao_sk-blazer-42675","status":"publish","type":"product","link":"https:\/\/streetmarkets.fr\/app\/produit\/bilbao_sk-blazer-42675\/","title":{"rendered":"Bilbao_SK Blazer 42675"},"content":{"rendered":"<p><!--td {border: 1px solid #cccccc;}br {mso-data-placement:same-cell;}--><\/p>\n<p><span data-sheets-root=\"1\" data-sheets-value=\"{&quot;1&quot;:2,&quot;2&quot;:&quot;D\u00e9couvrez la nouvelle d\u00e9finition du raffinement avec le blazer de costume BILBAO_SK de la marque Drykorn, disponible chez Harold \u00e0 Paris. Ce blazer embl\u00e9matique incarne l'\u00e9l\u00e9gance moderne gr\u00e2ce \u00e0 son design double boutonnage et sa coupe skinny qui met en valeur une silhouette \u00e9lanc\u00e9e et sophistiqu\u00e9e.\\n\\nLe BILBAO_SK se distingue par ses revers \u00e9troits et montants, apportant une touche chic \u00e0 son allure. Les poches passepoil\u00e9es et les pinces structurent \u00e9l\u00e9gamment la silhouette. Confectionn\u00e9 dans une mati\u00e8re polyvalente Cool-Wool, il offre un confort optimal et une sensation de fra\u00eecheur, id\u00e9ale pour les journ\u00e9es estivales.\\n\\nCe blazer, enti\u00e8rement doubl\u00e9, allie style et fonctionnalit\u00e9 avec ses doubles poches passepoil\u00e9es pratiques. Les deux a\u00e9rations lat\u00e9rales assurent une libert\u00e9 de mouvement sans compromettre son \u00e9l\u00e9gance. Que ce soit pour une r\u00e9union d'affaires ou une soir\u00e9e sp\u00e9ciale, le BILBAO_SK est con\u00e7u pour vous accompagner avec \u00e9l\u00e9gance et confort.\\n\\nDisponible d\u00e8s maintenant en boutique et en ligne chez Harold, laissez-vous s\u00e9duire par l'\u00e9l\u00e9gance intemporelle du BILBAO_SK et faites de ce blazer une pi\u00e8ce ma\u00eetresse de votre garde-robe.&quot;}\" data-sheets-userformat='{\"2\":897,\"3\":{\"1\":0},\"10\":1,\"11\":4,\"12\":0}'>D\u00e9couvrez la nouvelle d\u00e9finition du raffinement avec le <strong>blazer de costume Bilbao_Sk<\/strong>\u00a0de la marque <strong>Drykorn<\/strong>, disponible chez <strong>Harold \u00e0 Paris<\/strong>. Ce blazer embl\u00e9matique incarne l&#8217;<strong>\u00e9l\u00e9gance moderne<\/strong> gr\u00e2ce \u00e0 son design double boutonnage et sa <strong>coupe skinny<\/strong> qui met en valeur une silhouette \u00e9lanc\u00e9e et sophistiqu\u00e9e.<\/p>\n<p>Le blazer <strong>Bilbao_Sk<\/strong> se distingue par ses <strong>revers \u00e9troits et montants<\/strong>, apportant une touche chic \u00e0 son allure. Les poches passepoil\u00e9es et les pinces structurent \u00e9l\u00e9gamment la silhouette. Confectionn\u00e9 dans une mati\u00e8re polyvalente Cool-Wool, il offre un <strong>confort optimal<\/strong> et une sensation de fra\u00eecheur, id\u00e9ale pour les journ\u00e9es estivales.<\/p>\n<p>Ce blazer, enti\u00e8rement <strong>doubl\u00e9<\/strong>, allie style et fonctionnalit\u00e9 avec ses doubles poches passepoil\u00e9es pratiques. Les deux <strong>a\u00e9rations lat\u00e9rales<\/strong> assurent une libert\u00e9 de mouvement sans compromettre son \u00e9l\u00e9gance. Vous pouvez l&#8217;associ\u00e9 au <strong>pantalon <a href=\"https:\/\/0df44e-78.myshopify.com\/products\/piet_sk-trousers-40512\" rel=\"noopener\" target=\"_blank\">Piet_SK Trousers 40512<\/a><\/strong> pour un look complet, tr\u00e8s chic. Que ce soit pour une r\u00e9union d&#8217;affaires ou une soir\u00e9e sp\u00e9ciale, le <strong>Bilbao_Sk<\/strong> est con\u00e7u pour vous accompagner avec \u00e9l\u00e9gance et confort.<\/p>\n<p><strong>Disponible<\/strong> d\u00e8s maintenant<strong> chez Harold<\/strong>, laissez-vous s\u00e9duire par l&#8217;\u00e9l\u00e9gance intemporelle du <strong>Bilbao_Sk<\/strong> et faites de ce blazer une pi\u00e8ce ma\u00eetresse de votre vestiaire.<\/span><\/p>\n","protected":false},"excerpt":{"rendered":"<p>D\u00e9couvrez la nouvelle d\u00e9finition du raffinement avec le blazer de costume Bilbao_Sk\u00a0de la marque Drykorn, disponible chez Harold \u00e0 Paris. Ce blazer embl\u00e9matique incarne l&#8217;\u00e9l\u00e9gance moderne gr\u00e2ce \u00e0 son design double boutonnage et sa coupe skinny qui met en valeur une silhouette \u00e9lanc\u00e9e et sophistiqu\u00e9e. Le blazer Bilbao_Sk se distingue par ses revers \u00e9troits et [&hellip;]<\/p>\n","protected":false},"featured_media":778456,"comment_status":"open","ping_status":"closed","template":"","meta":[],"product_brand":[],"product_cat":[1756,1758],"product_tag":[2244],"acf":[],"_links":{"self":[{"href":"https:\/\/streetmarkets.fr\/app\/wp-json\/wp\/v2\/product\/778455"}],"collection":[{"href":"https:\/\/streetmarkets.fr\/app\/wp-json\/wp\/v2\/product"}],"about":[{"href":"https:\/\/streetmarkets.fr\/app\/wp-json\/wp\/v2\/types\/product"}],"replies":[{"embeddable":true,"href":"https:\/\/streetmarkets.fr\/app\/wp-json\/wp\/v2\/comments?post=778455"}],"wp:featuredmedia":[{"embeddable":true,"href":"https:\/\/streetmarkets.fr\/app\/wp-json\/wp\/v2\/media\/778456"}],"wp:attachment":[{"href":"https:\/\/streetmarkets.fr\/app\/wp-json\/wp\/v2\/media?parent=778455"}],"wp:term":[{"taxonomy":"product_brand","embeddable":true,"href":"https:\/\/streetmarkets.fr\/app\/wp-json\/wp\/v2\/product_brand?post=778455"},{"taxonomy":"product_cat","embeddable":true,"href":"https:\/\/streetmarkets.fr\/app\/wp-json\/wp\/v2\/product_cat?post=778455"},{"taxonomy":"product_tag","embeddable":true,"href":"https:\/\/streetmarkets.fr\/app\/wp-json\/wp\/v2\/product_tag?post=778455"}],"curies":[{"name":"wp","href":"https:\/\/api.w.org\/{rel}","templated":true}]}}