{"id":778203,"date":"2024-10-24T06:44:07","date_gmt":"2024-10-24T04:44:07","guid":{"rendered":"https:\/\/streetmarkets.fr\/app\/produit\/slim-delon-jersey-flex-trousers\/"},"modified":"2026-03-16T05:42:48","modified_gmt":"2026-03-16T04:42:48","slug":"slim-delon-jersey-flex-trousers","status":"publish","type":"product","link":"https:\/\/streetmarkets.fr\/app\/produit\/slim-delon-jersey-flex-trousers\/","title":{"rendered":"Slim Delon Jersey Flex Trousers"},"content":{"rendered":"<p><!--td {border: 1px solid #cccccc;}br {mso-data-placement:same-cell;}--><\/p>\n<p><span data-sheets-root=\"1\">Optez pour l&#8217;<strong>\u00e9l\u00e9gance<\/strong> et le <strong>confort <\/strong>avec le <strong>Pantalon Slim Delon Jersey Flex<\/strong> de <strong>Selected<\/strong>, disponible en Light Grey Mel et Navy Blazer chez <strong>Harold <\/strong>\u00e0 Paris. <\/span><\/p>\n<p><span data-sheets-root=\"1\">Confectionn\u00e9 \u00e0 partir d&#8217;un <strong>tissu jersey<\/strong> innovant, ce <strong>pantalon de costume<\/strong> est incroyablement l\u00e9ger, offrant une sensation de confort tout au long de la journ\u00e9e.<\/p>\n<p>Dot\u00e9 de <strong>d\u00e9tails classiques<\/strong> pointus tels que des plis marqu\u00e9s au centre, ce pantalon pr\u00e9sente une <strong>coupe slim flatteuse<\/strong> qui s&#8217;adapte parfaitement \u00e0 votre silhouette. La <strong>taille mi-haute<\/strong> et les passants de ceinture ajoutent une touche chic, tandis que les poches lat\u00e9rales fendues et les <strong>poches arri\u00e8re boutonn\u00e9es<\/strong> offrent une fonctionnalit\u00e9 suppl\u00e9mentaire.<\/p>\n<p>Portez-le en <strong>costume deux-pi\u00e8ces<\/strong> avec le <strong>blazer Slim Delon Jersey Flex<\/strong> assorti. Les deux pi\u00e8ces sont issues de notre collection, id\u00e9ales pour un look complet et r\u00e9ussi. Compl\u00e9tez votre tenue avec une chemise et des mocassins pour une<strong> allure \u00e9l\u00e9gante et moderne<\/strong>.<\/p>\n<p>Le <strong>Pantalon Slim Delon Jersey Flex<\/strong>\u00a0allie style, confort et durabilit\u00e9 gr\u00e2ce au Lenzing\u2122 ECOVERO\u2122, un mat\u00e9riau plus respectueux de l&#8217;environnement. Venez le d\u00e9couvrir d\u00e8s maintenant dans notre boutique Harold \u00e0 Paris, ou achetez le directement sur notre site internet.<\/span><\/p>\n","protected":false},"excerpt":{"rendered":"<p>Optez pour l&#8217;\u00e9l\u00e9gance et le confort avec le Pantalon Slim Delon Jersey Flex de Selected, disponible en Light Grey Mel et Navy Blazer chez Harold \u00e0 Paris. Confectionn\u00e9 \u00e0 partir d&#8217;un tissu jersey innovant, ce pantalon de costume est incroyablement l\u00e9ger, offrant une sensation de confort tout au long de la journ\u00e9e. Dot\u00e9 de d\u00e9tails [&hellip;]<\/p>\n","protected":false},"featured_media":778204,"comment_status":"open","ping_status":"closed","template":"","meta":[],"product_brand":[],"product_cat":[1756,1758],"product_tag":[2244],"acf":[],"_links":{"self":[{"href":"https:\/\/streetmarkets.fr\/app\/wp-json\/wp\/v2\/product\/778203"}],"collection":[{"href":"https:\/\/streetmarkets.fr\/app\/wp-json\/wp\/v2\/product"}],"about":[{"href":"https:\/\/streetmarkets.fr\/app\/wp-json\/wp\/v2\/types\/product"}],"replies":[{"embeddable":true,"href":"https:\/\/streetmarkets.fr\/app\/wp-json\/wp\/v2\/comments?post=778203"}],"wp:featuredmedia":[{"embeddable":true,"href":"https:\/\/streetmarkets.fr\/app\/wp-json\/wp\/v2\/media\/778204"}],"wp:attachment":[{"href":"https:\/\/streetmarkets.fr\/app\/wp-json\/wp\/v2\/media?parent=778203"}],"wp:term":[{"taxonomy":"product_brand","embeddable":true,"href":"https:\/\/streetmarkets.fr\/app\/wp-json\/wp\/v2\/product_brand?post=778203"},{"taxonomy":"product_cat","embeddable":true,"href":"https:\/\/streetmarkets.fr\/app\/wp-json\/wp\/v2\/product_cat?post=778203"},{"taxonomy":"product_tag","embeddable":true,"href":"https:\/\/streetmarkets.fr\/app\/wp-json\/wp\/v2\/product_tag?post=778203"}],"curies":[{"name":"wp","href":"https:\/\/api.w.org\/{rel}","templated":true}]}}