{"id":778147,"date":"2024-10-24T06:44:01","date_gmt":"2024-10-24T04:44:01","guid":{"rendered":"https:\/\/streetmarkets.fr\/app\/produit\/slim-tape-172-ron-pleat-pant\/"},"modified":"2026-03-16T05:42:47","modified_gmt":"2026-03-16T04:42:47","slug":"slim-tape-172-ron-pleat-pant","status":"publish","type":"product","link":"https:\/\/streetmarkets.fr\/app\/produit\/slim-tape-172-ron-pleat-pant\/","title":{"rendered":"Slim Tape 172 Ron Pleat Pant"},"content":{"rendered":"<p><!--td {border: 1px solid #cccccc;}br {mso-data-placement:same-cell;}--><\/p>\n<p><span data-sheets-root=\"1\">\u00c9l\u00e9gant et d\u00e9contract\u00e9, le <strong>pantalon Slim Tape 172 Ron Pleat<\/strong> de la marque <strong>Selected <\/strong>est un basique id\u00e9al pour composer une tenue styl\u00e9e. <\/span><\/p>\n<p><span data-sheets-root=\"1\">Avec sa<strong> taille basse<\/strong> et sa <strong>coupe d\u00e9contract\u00e9e<\/strong> au niveau de la cuisse, il se fuselle \u00e0 partir du genou pour offrir une <strong>allure relax\u00e9e et moderne<\/strong>. Ce mod\u00e8le se marie parfaitement avec un pull en maille torsad\u00e9e et des bottes en cuir pour un look raffin\u00e9.<\/p>\n<p>Dot\u00e9 d&#8217;une <strong>braguette zipp\u00e9e<\/strong> surmont\u00e9e d&#8217;un bouton rivet, de <strong>passants de ceinture<\/strong>, et de <strong>poches lat\u00e9rales<\/strong>, ce pantalon allie praticit\u00e9 et esth\u00e9tisme. Son <strong>d\u00e9tail pliss\u00e9 sur le devant<\/strong> ajoute une touche d&#8217;\u00e9l\u00e9gance discr\u00e8te, tandis que sa <strong>doublure en coton<\/strong> assure confort et l\u00e9g\u00e8ret\u00e9.<\/p>\n<p>D\u00e9couvrez ce mod\u00e8le chez <strong>Harold<\/strong>, votre boutique de pr\u00eat-\u00e0-porter pour homme \u00e0 Paris.<\/span><\/p>\n","protected":false},"excerpt":{"rendered":"<p>\u00c9l\u00e9gant et d\u00e9contract\u00e9, le pantalon Slim Tape 172 Ron Pleat de la marque Selected est un basique id\u00e9al pour composer une tenue styl\u00e9e. Avec sa taille basse et sa coupe d\u00e9contract\u00e9e au niveau de la cuisse, il se fuselle \u00e0 partir du genou pour offrir une allure relax\u00e9e et moderne. Ce mod\u00e8le se marie parfaitement [&hellip;]<\/p>\n","protected":false},"featured_media":778148,"comment_status":"open","ping_status":"closed","template":"","meta":[],"product_brand":[],"product_cat":[1756,1758],"product_tag":[2244],"acf":[],"_links":{"self":[{"href":"https:\/\/streetmarkets.fr\/app\/wp-json\/wp\/v2\/product\/778147"}],"collection":[{"href":"https:\/\/streetmarkets.fr\/app\/wp-json\/wp\/v2\/product"}],"about":[{"href":"https:\/\/streetmarkets.fr\/app\/wp-json\/wp\/v2\/types\/product"}],"replies":[{"embeddable":true,"href":"https:\/\/streetmarkets.fr\/app\/wp-json\/wp\/v2\/comments?post=778147"}],"wp:featuredmedia":[{"embeddable":true,"href":"https:\/\/streetmarkets.fr\/app\/wp-json\/wp\/v2\/media\/778148"}],"wp:attachment":[{"href":"https:\/\/streetmarkets.fr\/app\/wp-json\/wp\/v2\/media?parent=778147"}],"wp:term":[{"taxonomy":"product_brand","embeddable":true,"href":"https:\/\/streetmarkets.fr\/app\/wp-json\/wp\/v2\/product_brand?post=778147"},{"taxonomy":"product_cat","embeddable":true,"href":"https:\/\/streetmarkets.fr\/app\/wp-json\/wp\/v2\/product_cat?post=778147"},{"taxonomy":"product_tag","embeddable":true,"href":"https:\/\/streetmarkets.fr\/app\/wp-json\/wp\/v2\/product_tag?post=778147"}],"curies":[{"name":"wp","href":"https:\/\/api.w.org\/{rel}","templated":true}]}}