{"id":778081,"date":"2024-10-24T06:43:33","date_gmt":"2024-10-24T04:43:33","guid":{"rendered":"https:\/\/streetmarkets.fr\/app\/produit\/anayo-t-shirt-49279\/"},"modified":"2026-03-16T05:42:47","modified_gmt":"2026-03-16T04:42:47","slug":"anayo-t-shirt-49279","status":"publish","type":"product","link":"https:\/\/streetmarkets.fr\/app\/produit\/anayo-t-shirt-49279\/","title":{"rendered":"Anayo T-Shirt 49279"},"content":{"rendered":"<p><span data-sheets-root=\"1\" data-sheets-value=\"{&quot;1&quot;:2,&quot;2&quot;:&quot;Optez pour ANAYO et ajoutez une touche d\u00e9contract\u00e9e et styl\u00e9e \u00e0 votre garde-robe avec ce T-shirt unique de la marque DRYKORN. Con\u00e7u pour ceux qui recherchent \u00e0 la fois confort et style, ANAYO se distingue par ses manches courtes et sa coupe oversize, offrant une allure moderne et d\u00e9tendue.\\n\\nFabriqu\u00e9 \u00e0 partir de coton \u00e9ponge 100% et teint\u00e9 \u00e0 froid avec la technique \\&quot;cold dye\\&quot;, chaque exemplaire de ce T-shirt est unique. La coloration irr\u00e9guli\u00e8re lui donne un effet chin\u00e9, avec des nuances tie and dye au niveau du col, des manches et du bas, ajoutant une touche vintage et authentique \u00e0 votre tenue.\\n\\nPolyvalent, ANAYO peut \u00eatre port\u00e9 \u00e0 l'int\u00e9rieur d'un jean pour un look d\u00e9contract\u00e9 chic ou laiss\u00e9 libre au-dessus d'un short pour une journ\u00e9e relaxante. Que ce soit pour une sortie entre amis, une journ\u00e9e de d\u00e9tente ou une balade en ville, ce T-shirt vous habillera avec style et confort.\\n\\nDisponible d\u00e8s maintenant dans notre boutique Harold \u00e0 Paris et sur notre site internet, il est temps de faire de ce T-shirt ANAYO votre nouvelle pi\u00e8ce pr\u00e9f\u00e9r\u00e9e.&quot;}\" data-sheets-userformat='{\"2\":897,\"3\":{\"1\":0},\"10\":1,\"11\":4,\"12\":0}'>Optez pour le <strong>T-Shirt Anayo 49279<\/strong> de la marque <strong>Drykorn <\/strong>et ajoutez une touche d\u00e9contract\u00e9e et styl\u00e9e \u00e0 votre garde-robe avec ce <strong>mod\u00e8le unique<\/strong>. Con\u00e7u pour ceux qui recherchent \u00e0 la fois <strong>confort et style<\/strong>, ce T-shirt se distingue par ses <strong>manches courtes <\/strong>et sa <strong>coupe oversize<\/strong>, offrant une allure moderne et d\u00e9tendue.<\/p>\n<p>Fabriqu\u00e9 \u00e0 partir de <strong>coton \u00e9ponge 100%<\/strong> et <strong>teint\u00e9 \u00e0 froid<\/strong> avec la technique &#8220;cold dye&#8221;, chaque exemplaire de ce T-shirt est <strong>unique<\/strong>. La coloration irr\u00e9guli\u00e8re lui donne un<strong> effet chin\u00e9<\/strong>, avec des nuances <strong>tie and dye <\/strong>au niveau du col, des manches et du bas, ajoutant une touche <strong>vintage <\/strong>et authentique \u00e0 votre tenue.<\/p>\n<p>Polyvalent, le <strong>Anayo T-Shirt 49279<\/strong>\u00a0peut \u00eatre port\u00e9 \u00e0 l&#8217;int\u00e9rieur d&#8217;un jean pour un <strong>look d\u00e9contract\u00e9 chic<\/strong> ou laiss\u00e9 libre au-dessus d&#8217;un short pour une journ\u00e9e relaxante. Que ce soit pour une sortie entre amis, une journ\u00e9e de d\u00e9tente ou une balade en ville, ce T-shirt vous habillera avec<strong> style et confort<\/strong>.<\/p>\n<p>Disponible d\u00e8s maintenant dans notre boutique <strong>Harold <\/strong>\u00e0 Paris et sur notre site internet, il est temps de faire de ce T-shirt <strong>Anayo 49279<\/strong> votre nouvelle pi\u00e8ce pr\u00e9f\u00e9r\u00e9e.<\/span><\/p>\n<p><!--td {border: 1px solid #cccccc;}br {mso-data-placement:same-cell;}--><\/p>\n","protected":false},"excerpt":{"rendered":"<p>Optez pour le T-Shirt Anayo 49279 de la marque Drykorn et ajoutez une touche d\u00e9contract\u00e9e et styl\u00e9e \u00e0 votre garde-robe avec ce mod\u00e8le unique. Con\u00e7u pour ceux qui recherchent \u00e0 la fois confort et style, ce T-shirt se distingue par ses manches courtes et sa coupe oversize, offrant une allure moderne et d\u00e9tendue. Fabriqu\u00e9 \u00e0 [&hellip;]<\/p>\n","protected":false},"featured_media":778082,"comment_status":"open","ping_status":"closed","template":"","meta":[],"product_brand":[],"product_cat":[1756,1758],"product_tag":[2244],"acf":[],"_links":{"self":[{"href":"https:\/\/streetmarkets.fr\/app\/wp-json\/wp\/v2\/product\/778081"}],"collection":[{"href":"https:\/\/streetmarkets.fr\/app\/wp-json\/wp\/v2\/product"}],"about":[{"href":"https:\/\/streetmarkets.fr\/app\/wp-json\/wp\/v2\/types\/product"}],"replies":[{"embeddable":true,"href":"https:\/\/streetmarkets.fr\/app\/wp-json\/wp\/v2\/comments?post=778081"}],"wp:featuredmedia":[{"embeddable":true,"href":"https:\/\/streetmarkets.fr\/app\/wp-json\/wp\/v2\/media\/778082"}],"wp:attachment":[{"href":"https:\/\/streetmarkets.fr\/app\/wp-json\/wp\/v2\/media?parent=778081"}],"wp:term":[{"taxonomy":"product_brand","embeddable":true,"href":"https:\/\/streetmarkets.fr\/app\/wp-json\/wp\/v2\/product_brand?post=778081"},{"taxonomy":"product_cat","embeddable":true,"href":"https:\/\/streetmarkets.fr\/app\/wp-json\/wp\/v2\/product_cat?post=778081"},{"taxonomy":"product_tag","embeddable":true,"href":"https:\/\/streetmarkets.fr\/app\/wp-json\/wp\/v2\/product_tag?post=778081"}],"curies":[{"name":"wp","href":"https:\/\/api.w.org\/{rel}","templated":true}]}}