{"id":777933,"date":"2024-10-24T06:43:24","date_gmt":"2024-10-24T04:43:24","guid":{"rendered":"https:\/\/streetmarkets.fr\/app\/produit\/berg-crewneck\/"},"modified":"2026-03-16T05:42:47","modified_gmt":"2026-03-16T04:42:47","slug":"berg-crewneck","status":"publish","type":"product","link":"https:\/\/streetmarkets.fr\/app\/produit\/berg-crewneck\/","title":{"rendered":"Berg Crewneck"},"content":{"rendered":"<p><!--td {border: 1px solid #cccccc;}br {mso-data-placement:same-cell;}--><\/p>\n<p><span data-sheets-root=\"1\" data-sheets-value=\"{&quot;1&quot;:2,&quot;2&quot;:&quot;Le pull en maille SELECTED Berg Crewneck incarne simplicit\u00e9 et sophistication. Confectionn\u00e9 en coton pima doux et respirant, il offre un confort exceptionnel et une grande respirabilit\u00e9. Il est disponible en deux couleurs : Demitasse et Ivy Green.\\n\\nAvec son col rond, ses manches longues et ses poignets ajust\u00e9s, ses bords finement c\u00f4tel\u00e9s et sa coupe classique : c'est un mod\u00e8le id\u00e9al qui s'adapte \u00e0 toutes les occasions. Ce pull polyvalent se pr\u00eate aussi bien \u00e0 une tenue d\u00e9contract\u00e9e pour le week-end qu'\u00e0 une tenue \u00e9l\u00e9gante pour le bureau.\\n\\nPour un look chic et moderne, associez ce pull Berg Crewneck \u00e0 un pantalon chino slim et \u00e0 des bottes en daim. Pour un look d\u00e9contract\u00e9, portez le avec un jean clair et des baskets.\\n\\nAjoutez le Berg Crewneck \u00e0 votre garde-robe pour une touche de simplicit\u00e9 et de confort en toutes occasions. Disponible d\u00e8s maintenant chez Harold, votre boutique de pr\u00eat-\u00e0-porter homme \u00e0 Paris.&quot;}\" data-sheets-userformat='{\"2\":897,\"3\":{\"1\":0},\"10\":1,\"11\":4,\"12\":0}'>Le <strong>pull en maille Berg Crewneck<\/strong> de la marque <strong>Selected <\/strong>incarne simplicit\u00e9 et sophistication. Confectionn\u00e9 en <strong>coton pima doux et respirant<\/strong>, il offre un confort exceptionnel et une grande respirabilit\u00e9. Il est disponible en deux couleurs : Demitasse et Ivy Green.<\/p>\n<p>Avec son col rond, ses <strong>manches longues<\/strong> et ses <strong>poignets ajust\u00e9s<\/strong>, ses bords finement c\u00f4tel\u00e9s et sa coupe classique : c&#8217;est un <strong>mod\u00e8le id\u00e9al<\/strong> qui s&#8217;adapte \u00e0 toutes les occasions. Ce pull <strong>polyvalent <\/strong>se pr\u00eate aussi bien \u00e0 une<strong> tenue d\u00e9contract\u00e9e<\/strong> pour le week-end qu&#8217;\u00e0 une tenue \u00e9l\u00e9gante pour le bureau.<\/p>\n<p>Pour un look <strong>chic et moderne<\/strong>, associez ce pull Berg Crewneck \u00e0 un pantalon chino slim et \u00e0 des bottes en daim. Pour un <strong>look d\u00e9contract\u00e9<\/strong>, portez le avec un jean clair et des baskets.<\/p>\n<p>Ajoutez le Berg Crewneck \u00e0 votre garde-robe pour une touche de <strong>simplicit\u00e9 <\/strong>et de confort en toutes occasions. Disponible d\u00e8s maintenant chez <strong>Harold<\/strong>, votre boutique de pr\u00eat-\u00e0-porter homme \u00e0 Paris.<\/span><strong><\/strong><\/p>\n","protected":false},"excerpt":{"rendered":"<p>Le pull en maille Berg Crewneck de la marque Selected incarne simplicit\u00e9 et sophistication. Confectionn\u00e9 en coton pima doux et respirant, il offre un confort exceptionnel et une grande respirabilit\u00e9. Il est disponible en deux couleurs : Demitasse et Ivy Green. Avec son col rond, ses manches longues et ses poignets ajust\u00e9s, ses bords finement [&hellip;]<\/p>\n","protected":false},"featured_media":777934,"comment_status":"open","ping_status":"closed","template":"","meta":[],"product_brand":[],"product_cat":[1756,1758],"product_tag":[2244],"acf":[],"_links":{"self":[{"href":"https:\/\/streetmarkets.fr\/app\/wp-json\/wp\/v2\/product\/777933"}],"collection":[{"href":"https:\/\/streetmarkets.fr\/app\/wp-json\/wp\/v2\/product"}],"about":[{"href":"https:\/\/streetmarkets.fr\/app\/wp-json\/wp\/v2\/types\/product"}],"replies":[{"embeddable":true,"href":"https:\/\/streetmarkets.fr\/app\/wp-json\/wp\/v2\/comments?post=777933"}],"wp:featuredmedia":[{"embeddable":true,"href":"https:\/\/streetmarkets.fr\/app\/wp-json\/wp\/v2\/media\/777934"}],"wp:attachment":[{"href":"https:\/\/streetmarkets.fr\/app\/wp-json\/wp\/v2\/media?parent=777933"}],"wp:term":[{"taxonomy":"product_brand","embeddable":true,"href":"https:\/\/streetmarkets.fr\/app\/wp-json\/wp\/v2\/product_brand?post=777933"},{"taxonomy":"product_cat","embeddable":true,"href":"https:\/\/streetmarkets.fr\/app\/wp-json\/wp\/v2\/product_cat?post=777933"},{"taxonomy":"product_tag","embeddable":true,"href":"https:\/\/streetmarkets.fr\/app\/wp-json\/wp\/v2\/product_tag?post=777933"}],"curies":[{"name":"wp","href":"https:\/\/api.w.org\/{rel}","templated":true}]}}