{"id":777899,"date":"2024-10-24T06:43:22","date_gmt":"2024-10-24T04:43:22","guid":{"rendered":"https:\/\/streetmarkets.fr\/app\/produit\/berg-ls-knit-polo\/"},"modified":"2026-03-16T05:42:47","modified_gmt":"2026-03-16T04:42:47","slug":"berg-ls-knit-polo","status":"publish","type":"product","link":"https:\/\/streetmarkets.fr\/app\/produit\/berg-ls-knit-polo\/","title":{"rendered":"Berg LS Knit Polo"},"content":{"rendered":"<p><!--td {border: 1px solid #cccccc;}br {mso-data-placement:same-cell;}--><\/p>\n<p><span data-sheets-root=\"1\" data-sheets-value=\"{&quot;1&quot;:2,&quot;2&quot;:&quot;D\u00e9couvrez le Berg LS Knit Polo de SELECTED, disponible en trois couleurs \u00e9l\u00e9gantes : noir, bleu marine et marron teck chez Harold. Cette nouvelle version de notre collection embl\u00e9matique Berg est confectionn\u00e9e en coton Pima doux, offrant un confort in\u00e9gal\u00e9.\\n\\nCe polo \u00e0 manches longues tricot\u00e9 peux s'apparanter \u00e0 un pull fin. Il pr\u00e9sente un design polo classique avec un col finement c\u00f4tel\u00e9 et une patte de boutonnage 1\/4 pour une touche raffin\u00e9e suppl\u00e9mentaire. Les d\u00e9tails aux \u00e9paules ajoutent une note d'\u00e9l\u00e9gance \u00e0 ce v\u00eatement polyvalent.\\n\\nDot\u00e9 de manches longues et d'ourlets c\u00f4tel\u00e9s, ce polo\/pull offre un ajustement parfait pour un look impeccable. Sa coupe classique en fait un essentiel intemporel de votre garde-robe, parfait pour toutes les occasions.\\n\\nPortez-le avec un jean d\u00e9contract\u00e9 le week-end ou avec un pantalon chino au bureau pour un style casual chic. Ajoutez d\u00e8s maintenant le pull Berg LS Knit Polo de SELECTED \u00e0 votre collection. Disponible chez Harold, votre boutique de pr\u00eat-\u00e0-porter homme \u00e0 Paris.&quot;}\" data-sheets-userformat='{\"2\":897,\"3\":{\"1\":0},\"10\":1,\"11\":4,\"12\":0}'>D\u00e9couvrez le <strong>Berg LS Knit Polo<\/strong> de <strong>Selected<\/strong>, disponible en trois couleurs \u00e9l\u00e9gantes : noir, bleu marine et marron teck chez <strong>Harold<\/strong>. Cette nouvelle version de notre collection embl\u00e9matique <strong>Berg <\/strong>est confectionn\u00e9e en <strong>coton Pima doux<\/strong>, offrant un confort in\u00e9gal\u00e9.<\/p>\n<p>Ce <strong>polo \u00e0 manches longues tricot\u00e9<\/strong> peux s&#8217;apparanter \u00e0 un pull fin. Il pr\u00e9sente un design polo classique avec un <strong>col finement c\u00f4tel\u00e9<\/strong> et une patte de boutonnage 1\/4 pour une touche raffin\u00e9e suppl\u00e9mentaire. Les d\u00e9tails aux \u00e9paules ajoutent une note d&#8217;\u00e9l\u00e9gance \u00e0 ce <strong>v\u00eatement polyvalent<\/strong>.<\/p>\n<p>Dot\u00e9 de <strong>manches longues <\/strong>et d&#8217;ourlets c\u00f4tel\u00e9s, ce polo\/pull offre un ajustement parfait pour un <strong>look impeccable<\/strong>. Sa coupe classique en fait un essentiel <strong>intemporel <\/strong>de votre garde-robe, parfait pour toutes les occasions.<\/p>\n<p>Portez-le avec un jean d\u00e9contract\u00e9 le week-end ou avec un pantalon chino au bureau pour un style casual chic. Ajoutez d\u00e8s maintenant le <strong>pull Berg LS Knit Polo<\/strong> de <strong>Selected <\/strong>\u00e0 votre collection. Disponible chez Harold, votre boutique de <strong>pr\u00eat-\u00e0-porter homme<\/strong> \u00e0 Paris.<\/span><\/p>\n","protected":false},"excerpt":{"rendered":"<p>D\u00e9couvrez le Berg LS Knit Polo de Selected, disponible en trois couleurs \u00e9l\u00e9gantes : noir, bleu marine et marron teck chez Harold. Cette nouvelle version de notre collection embl\u00e9matique Berg est confectionn\u00e9e en coton Pima doux, offrant un confort in\u00e9gal\u00e9. Ce polo \u00e0 manches longues tricot\u00e9 peux s&#8217;apparanter \u00e0 un pull fin. Il pr\u00e9sente un [&hellip;]<\/p>\n","protected":false},"featured_media":777900,"comment_status":"open","ping_status":"closed","template":"","meta":[],"product_brand":[],"product_cat":[1756,1758],"product_tag":[2244],"acf":[],"_links":{"self":[{"href":"https:\/\/streetmarkets.fr\/app\/wp-json\/wp\/v2\/product\/777899"}],"collection":[{"href":"https:\/\/streetmarkets.fr\/app\/wp-json\/wp\/v2\/product"}],"about":[{"href":"https:\/\/streetmarkets.fr\/app\/wp-json\/wp\/v2\/types\/product"}],"replies":[{"embeddable":true,"href":"https:\/\/streetmarkets.fr\/app\/wp-json\/wp\/v2\/comments?post=777899"}],"wp:featuredmedia":[{"embeddable":true,"href":"https:\/\/streetmarkets.fr\/app\/wp-json\/wp\/v2\/media\/777900"}],"wp:attachment":[{"href":"https:\/\/streetmarkets.fr\/app\/wp-json\/wp\/v2\/media?parent=777899"}],"wp:term":[{"taxonomy":"product_brand","embeddable":true,"href":"https:\/\/streetmarkets.fr\/app\/wp-json\/wp\/v2\/product_brand?post=777899"},{"taxonomy":"product_cat","embeddable":true,"href":"https:\/\/streetmarkets.fr\/app\/wp-json\/wp\/v2\/product_cat?post=777899"},{"taxonomy":"product_tag","embeddable":true,"href":"https:\/\/streetmarkets.fr\/app\/wp-json\/wp\/v2\/product_tag?post=777899"}],"curies":[{"name":"wp","href":"https:\/\/api.w.org\/{rel}","templated":true}]}}