{"id":776925,"date":"2024-10-24T02:03:15","date_gmt":"2024-10-24T00:03:15","guid":{"rendered":"https:\/\/streetmarkets.fr\/app\/produit\/pantalon-large-tailoring-h24-femme-rayures-navy\/"},"modified":"2025-01-24T01:09:36","modified_gmt":"2025-01-24T00:09:36","slug":"pantalon-large-tailoring-h24-femme-rayures-navy","status":"publish","type":"product","link":"https:\/\/streetmarkets.fr\/app\/produit\/pantalon-large-tailoring-h24-femme-rayures-navy\/","title":{"rendered":"Pantalon Large Tailoring (H24 \/ FEMME \/ Rayures Navy)"},"content":{"rendered":"<p>Inspir\u00e9 des codes du tailoring, ce pantalon large se twiste d&#8217;un imprim\u00e9 rayures. Confectionn\u00e9 \u00e0 partir de laine, il d\u00e9voile une taille marqu\u00e9e et deux poches. Pi\u00e8ce indispensable du vestiaire f\u00e9minin, jouez le total look avec la veste blazer coordonn\u00e9e.<\/p>\n<p>&#8211; Pantalon large Femme<br \/>\n<br \/>&#8211; Imprim\u00e9 rayures<br \/>\n<br \/>&#8211; Fermeture zipp\u00e9e et boutonn\u00e9e<br \/>\n<br \/>&#8211; Passants de ceinture<br \/>\n<br \/>&#8211; 2 poches<br \/>\n<br \/>&#8211; Coupe regular<\/p>\n","protected":false},"excerpt":{"rendered":"<p>Inspir\u00e9 des codes du tailoring, ce pantalon large se twiste d&#8217;un imprim\u00e9 rayures. Confectionn\u00e9 \u00e0 partir de laine, il d\u00e9voile une taille marqu\u00e9e et deux poches. Pi\u00e8ce indispensable du vestiaire f\u00e9minin, jouez le total look avec la veste blazer coordonn\u00e9e. &#8211; Pantalon large Femme &#8211; Imprim\u00e9 rayures &#8211; Fermeture zipp\u00e9e et boutonn\u00e9e &#8211; Passants de [&hellip;]<\/p>\n","protected":false},"featured_media":776926,"comment_status":"open","ping_status":"closed","template":"","meta":[],"product_brand":[6868],"product_cat":[1756,1762],"product_tag":[2244],"acf":[],"_links":{"self":[{"href":"https:\/\/streetmarkets.fr\/app\/wp-json\/wp\/v2\/product\/776925"}],"collection":[{"href":"https:\/\/streetmarkets.fr\/app\/wp-json\/wp\/v2\/product"}],"about":[{"href":"https:\/\/streetmarkets.fr\/app\/wp-json\/wp\/v2\/types\/product"}],"replies":[{"embeddable":true,"href":"https:\/\/streetmarkets.fr\/app\/wp-json\/wp\/v2\/comments?post=776925"}],"wp:featuredmedia":[{"embeddable":true,"href":"https:\/\/streetmarkets.fr\/app\/wp-json\/wp\/v2\/media\/776926"}],"wp:attachment":[{"href":"https:\/\/streetmarkets.fr\/app\/wp-json\/wp\/v2\/media?parent=776925"}],"wp:term":[{"taxonomy":"product_brand","embeddable":true,"href":"https:\/\/streetmarkets.fr\/app\/wp-json\/wp\/v2\/product_brand?post=776925"},{"taxonomy":"product_cat","embeddable":true,"href":"https:\/\/streetmarkets.fr\/app\/wp-json\/wp\/v2\/product_cat?post=776925"},{"taxonomy":"product_tag","embeddable":true,"href":"https:\/\/streetmarkets.fr\/app\/wp-json\/wp\/v2\/product_tag?post=776925"}],"curies":[{"name":"wp","href":"https:\/\/api.w.org\/{rel}","templated":true}]}}