{"id":776898,"date":"2024-10-24T02:03:12","date_gmt":"2024-10-24T00:03:12","guid":{"rendered":"https:\/\/streetmarkets.fr\/app\/produit\/outerwear-doudoune-craquelee-h24-femme-silver\/"},"modified":"2025-02-25T01:05:52","modified_gmt":"2025-02-25T00:05:52","slug":"outerwear-doudoune-craquelee-h24-femme-silver","status":"publish","type":"product","link":"https:\/\/streetmarkets.fr\/app\/produit\/outerwear-doudoune-craquelee-h24-femme-silver\/","title":{"rendered":"Outerwear Doudoune Craquel\u00e9e (H24 \/ FEMME \/ Silver)"},"content":{"rendered":"<p>Cette doudoune m\u00e9tallis\u00e9e, orn\u00e9e d&#8217;un effet craquel\u00e9, cr\u00e9e un jeu de lumi\u00e8re captivant. Un col montant et une capuche \u00e0 patte de boutonnage vous prot\u00e8gent du froid avec \u00e9l\u00e9gance. Sa coupe courte et ajust\u00e9e, rehauss\u00e9e de cordons de serrage et de deux poches, assure une allure impeccable en toutes circonstances.<\/p>\n<p>&#8211; Doudoune courte, m\u00e9tallis\u00e9e et craquel\u00e9e Femme<br \/>\n<br \/>&#8211; Col montant<br \/>\n<br \/>&#8211; Capuche \u00e0 patte de boutonnage<br \/>\n<br \/>&#8211; Fermeture zipp\u00e9e<br \/>\n<br \/>&#8211; 2 poches<br \/>\n<br \/>&#8211; Cordons de serrage sur le bas<br \/>\n<br \/>&#8211; Manches longues<br \/>\n<br \/>&#8211; Poignets resserr\u00e9s<br \/>\n<br \/>&#8211; Coupe regular<\/p>\n","protected":false},"excerpt":{"rendered":"<p>Cette doudoune m\u00e9tallis\u00e9e, orn\u00e9e d&#8217;un effet craquel\u00e9, cr\u00e9e un jeu de lumi\u00e8re captivant. Un col montant et une capuche \u00e0 patte de boutonnage vous prot\u00e8gent du froid avec \u00e9l\u00e9gance. Sa coupe courte et ajust\u00e9e, rehauss\u00e9e de cordons de serrage et de deux poches, assure une allure impeccable en toutes circonstances. &#8211; Doudoune courte, m\u00e9tallis\u00e9e et [&hellip;]<\/p>\n","protected":false},"featured_media":776899,"comment_status":"open","ping_status":"closed","template":"","meta":[],"product_brand":[6868],"product_cat":[1756,1762],"product_tag":[2244],"acf":[],"_links":{"self":[{"href":"https:\/\/streetmarkets.fr\/app\/wp-json\/wp\/v2\/product\/776898"}],"collection":[{"href":"https:\/\/streetmarkets.fr\/app\/wp-json\/wp\/v2\/product"}],"about":[{"href":"https:\/\/streetmarkets.fr\/app\/wp-json\/wp\/v2\/types\/product"}],"replies":[{"embeddable":true,"href":"https:\/\/streetmarkets.fr\/app\/wp-json\/wp\/v2\/comments?post=776898"}],"wp:featuredmedia":[{"embeddable":true,"href":"https:\/\/streetmarkets.fr\/app\/wp-json\/wp\/v2\/media\/776899"}],"wp:attachment":[{"href":"https:\/\/streetmarkets.fr\/app\/wp-json\/wp\/v2\/media?parent=776898"}],"wp:term":[{"taxonomy":"product_brand","embeddable":true,"href":"https:\/\/streetmarkets.fr\/app\/wp-json\/wp\/v2\/product_brand?post=776898"},{"taxonomy":"product_cat","embeddable":true,"href":"https:\/\/streetmarkets.fr\/app\/wp-json\/wp\/v2\/product_cat?post=776898"},{"taxonomy":"product_tag","embeddable":true,"href":"https:\/\/streetmarkets.fr\/app\/wp-json\/wp\/v2\/product_tag?post=776898"}],"curies":[{"name":"wp","href":"https:\/\/api.w.org\/{rel}","templated":true}]}}