{"id":776870,"date":"2024-10-24T02:03:10","date_gmt":"2024-10-24T00:03:10","guid":{"rendered":"https:\/\/streetmarkets.fr\/app\/produit\/outerwear-doudoune-craquelee-h24-femme-baby-blue\/"},"modified":"2025-02-25T01:05:51","modified_gmt":"2025-02-25T00:05:51","slug":"outerwear-doudoune-craquelee-h24-femme-baby-blue","status":"publish","type":"product","link":"https:\/\/streetmarkets.fr\/app\/produit\/outerwear-doudoune-craquelee-h24-femme-baby-blue\/","title":{"rendered":"Outerwear Doudoune Craquel\u00e9e (H24 \/ FEMME \/ Baby Blue)"},"content":{"rendered":"<p>Orn\u00e9e d&#8217;un effet craquel\u00e9 audacieux, cette doudoune courte s&#8217;impose comme la pi\u00e8ce phare de la saison. Un col montant et une capuche \u00e0 patte de boutonnage vous prot\u00e8gent du froid avec \u00e9l\u00e9gance. Sa coupe ajust\u00e9e, rehauss\u00e9e de cordons de serrage et de deux poches, assure une allure impeccable en toutes circonstances.<\/p>\n<p>&#8211; Doudoune courte craquel\u00e9e Femme<br \/>\n<br \/>&#8211; Col montant<br \/>\n<br \/>&#8211; Capuche \u00e0 patte de boutonnage<br \/>\n<br \/>&#8211; Fermeture zipp\u00e9e<br \/>\n<br \/>&#8211; 2 poches<br \/>\n<br \/>&#8211; Cordons de serrage sur le bas<br \/>\n<br \/>&#8211; Manches longues<br \/>\n<br \/>&#8211; Poignets resserr\u00e9s<br \/>\n<br \/>&#8211; Coupe regular<\/p>\n","protected":false},"excerpt":{"rendered":"<p>Orn\u00e9e d&#8217;un effet craquel\u00e9 audacieux, cette doudoune courte s&#8217;impose comme la pi\u00e8ce phare de la saison. Un col montant et une capuche \u00e0 patte de boutonnage vous prot\u00e8gent du froid avec \u00e9l\u00e9gance. Sa coupe ajust\u00e9e, rehauss\u00e9e de cordons de serrage et de deux poches, assure une allure impeccable en toutes circonstances. &#8211; Doudoune courte craquel\u00e9e [&hellip;]<\/p>\n","protected":false},"featured_media":776871,"comment_status":"open","ping_status":"closed","template":"","meta":[],"product_brand":[6868],"product_cat":[1756,1762],"product_tag":[2244],"acf":[],"_links":{"self":[{"href":"https:\/\/streetmarkets.fr\/app\/wp-json\/wp\/v2\/product\/776870"}],"collection":[{"href":"https:\/\/streetmarkets.fr\/app\/wp-json\/wp\/v2\/product"}],"about":[{"href":"https:\/\/streetmarkets.fr\/app\/wp-json\/wp\/v2\/types\/product"}],"replies":[{"embeddable":true,"href":"https:\/\/streetmarkets.fr\/app\/wp-json\/wp\/v2\/comments?post=776870"}],"wp:featuredmedia":[{"embeddable":true,"href":"https:\/\/streetmarkets.fr\/app\/wp-json\/wp\/v2\/media\/776871"}],"wp:attachment":[{"href":"https:\/\/streetmarkets.fr\/app\/wp-json\/wp\/v2\/media?parent=776870"}],"wp:term":[{"taxonomy":"product_brand","embeddable":true,"href":"https:\/\/streetmarkets.fr\/app\/wp-json\/wp\/v2\/product_brand?post=776870"},{"taxonomy":"product_cat","embeddable":true,"href":"https:\/\/streetmarkets.fr\/app\/wp-json\/wp\/v2\/product_cat?post=776870"},{"taxonomy":"product_tag","embeddable":true,"href":"https:\/\/streetmarkets.fr\/app\/wp-json\/wp\/v2\/product_tag?post=776870"}],"curies":[{"name":"wp","href":"https:\/\/api.w.org\/{rel}","templated":true}]}}