{"id":776818,"date":"2024-10-24T02:03:06","date_gmt":"2024-10-24T00:03:06","guid":{"rendered":"https:\/\/streetmarkets.fr\/app\/produit\/jupe-mini-tailoring-h24-femme-rayures-navy\/"},"modified":"2025-03-15T01:04:31","modified_gmt":"2025-03-15T00:04:31","slug":"jupe-mini-tailoring-h24-femme-rayures-navy","status":"publish","type":"product","link":"https:\/\/streetmarkets.fr\/app\/produit\/jupe-mini-tailoring-h24-femme-rayures-navy\/","title":{"rendered":"Jupe Mini Tailoring (H24 \/ FEMME \/ Rayures Navy)"},"content":{"rendered":"<p>Un imprim\u00e9 rayures s&#8217;invite sur cette mini-jupe confectionn\u00e9e \u00e0 partir de laine. Munie d&#8217;une fermeture zipp\u00e9e et boutonn\u00e9e et de deux poches, elle conf\u00e8re une silhouette structur\u00e9e en toute \u00e9l\u00e9gance. Compl\u00e9tez votre look avec la veste blazer coordonn\u00e9e.<\/p>\n<p>&#8211; Mini-jupe Femme<br \/>\n<br \/>&#8211; Imprim\u00e9 rayures<br \/>\n<br \/>&#8211; Fermeture zipp\u00e9e et boutonn\u00e9e<br \/>\n<br \/>&#8211; Passants de ceinture<br \/>\n<br \/>&#8211; 2 poches<br \/>\n<br \/>&#8211; Coupe regular<\/p>\n","protected":false},"excerpt":{"rendered":"<p>Un imprim\u00e9 rayures s&#8217;invite sur cette mini-jupe confectionn\u00e9e \u00e0 partir de laine. Munie d&#8217;une fermeture zipp\u00e9e et boutonn\u00e9e et de deux poches, elle conf\u00e8re une silhouette structur\u00e9e en toute \u00e9l\u00e9gance. Compl\u00e9tez votre look avec la veste blazer coordonn\u00e9e. &#8211; Mini-jupe Femme &#8211; Imprim\u00e9 rayures &#8211; Fermeture zipp\u00e9e et boutonn\u00e9e &#8211; Passants de ceinture &#8211; 2 [&hellip;]<\/p>\n","protected":false},"featured_media":776819,"comment_status":"open","ping_status":"closed","template":"","meta":[],"product_brand":[6868],"product_cat":[1756,1762],"product_tag":[2244],"acf":[],"_links":{"self":[{"href":"https:\/\/streetmarkets.fr\/app\/wp-json\/wp\/v2\/product\/776818"}],"collection":[{"href":"https:\/\/streetmarkets.fr\/app\/wp-json\/wp\/v2\/product"}],"about":[{"href":"https:\/\/streetmarkets.fr\/app\/wp-json\/wp\/v2\/types\/product"}],"replies":[{"embeddable":true,"href":"https:\/\/streetmarkets.fr\/app\/wp-json\/wp\/v2\/comments?post=776818"}],"wp:featuredmedia":[{"embeddable":true,"href":"https:\/\/streetmarkets.fr\/app\/wp-json\/wp\/v2\/media\/776819"}],"wp:attachment":[{"href":"https:\/\/streetmarkets.fr\/app\/wp-json\/wp\/v2\/media?parent=776818"}],"wp:term":[{"taxonomy":"product_brand","embeddable":true,"href":"https:\/\/streetmarkets.fr\/app\/wp-json\/wp\/v2\/product_brand?post=776818"},{"taxonomy":"product_cat","embeddable":true,"href":"https:\/\/streetmarkets.fr\/app\/wp-json\/wp\/v2\/product_cat?post=776818"},{"taxonomy":"product_tag","embeddable":true,"href":"https:\/\/streetmarkets.fr\/app\/wp-json\/wp\/v2\/product_tag?post=776818"}],"curies":[{"name":"wp","href":"https:\/\/api.w.org\/{rel}","templated":true}]}}