{"id":776807,"date":"2024-10-24T02:03:05","date_gmt":"2024-10-24T00:03:05","guid":{"rendered":"https:\/\/streetmarkets.fr\/app\/produit\/jupe-mini-tailoring-h24-femme-rayures-gris\/"},"modified":"2025-03-15T01:04:30","modified_gmt":"2025-03-15T00:04:30","slug":"jupe-mini-tailoring-h24-femme-rayures-gris","status":"publish","type":"product","link":"https:\/\/streetmarkets.fr\/app\/produit\/jupe-mini-tailoring-h24-femme-rayures-gris\/","title":{"rendered":"Jupe Mini Tailoring (H24 \/ FEMME \/ Rayures Gris)"},"content":{"rendered":"<p>Un imprim\u00e9 rayures s&#8217;invite sur cette mini-jupe confectionn\u00e9e \u00e0 partir de laine. Marqu\u00e9e \u00e0 la taille d&#8217;une ceinture \u00e0 boucle, elle r\u00e9v\u00e8le un tomb\u00e9 pliss\u00e9 des plus \u00e9l\u00e9gants. Compl\u00e9tez votre look avec la veste blazer coordonn\u00e9e.<\/p>\n<p>&#8211; Mini-jupe Femme<br \/>\n<br \/>&#8211; Imprim\u00e9 rayures<br \/>\n<br \/>&#8211; Ceinture \u00e0 boucle et passants<br \/>\n<br \/>&#8211; Pliss\u00e9e<br \/>\n<br \/>&#8211; Coupe regular<\/p>\n","protected":false},"excerpt":{"rendered":"<p>Un imprim\u00e9 rayures s&#8217;invite sur cette mini-jupe confectionn\u00e9e \u00e0 partir de laine. Marqu\u00e9e \u00e0 la taille d&#8217;une ceinture \u00e0 boucle, elle r\u00e9v\u00e8le un tomb\u00e9 pliss\u00e9 des plus \u00e9l\u00e9gants. Compl\u00e9tez votre look avec la veste blazer coordonn\u00e9e. &#8211; Mini-jupe Femme &#8211; Imprim\u00e9 rayures &#8211; Ceinture \u00e0 boucle et passants &#8211; Pliss\u00e9e &#8211; Coupe regular<\/p>\n","protected":false},"featured_media":776808,"comment_status":"open","ping_status":"closed","template":"","meta":[],"product_brand":[6868],"product_cat":[1756,1762],"product_tag":[2244],"acf":[],"_links":{"self":[{"href":"https:\/\/streetmarkets.fr\/app\/wp-json\/wp\/v2\/product\/776807"}],"collection":[{"href":"https:\/\/streetmarkets.fr\/app\/wp-json\/wp\/v2\/product"}],"about":[{"href":"https:\/\/streetmarkets.fr\/app\/wp-json\/wp\/v2\/types\/product"}],"replies":[{"embeddable":true,"href":"https:\/\/streetmarkets.fr\/app\/wp-json\/wp\/v2\/comments?post=776807"}],"wp:featuredmedia":[{"embeddable":true,"href":"https:\/\/streetmarkets.fr\/app\/wp-json\/wp\/v2\/media\/776808"}],"wp:attachment":[{"href":"https:\/\/streetmarkets.fr\/app\/wp-json\/wp\/v2\/media?parent=776807"}],"wp:term":[{"taxonomy":"product_brand","embeddable":true,"href":"https:\/\/streetmarkets.fr\/app\/wp-json\/wp\/v2\/product_brand?post=776807"},{"taxonomy":"product_cat","embeddable":true,"href":"https:\/\/streetmarkets.fr\/app\/wp-json\/wp\/v2\/product_cat?post=776807"},{"taxonomy":"product_tag","embeddable":true,"href":"https:\/\/streetmarkets.fr\/app\/wp-json\/wp\/v2\/product_tag?post=776807"}],"curies":[{"name":"wp","href":"https:\/\/api.w.org\/{rel}","templated":true}]}}