{"id":776781,"date":"2024-10-24T02:03:01","date_gmt":"2024-10-24T00:03:01","guid":{"rendered":"https:\/\/streetmarkets.fr\/app\/produit\/chemise-manches-longues-from-future-poche-h24-homme-sable\/"},"modified":"2025-03-15T01:04:30","modified_gmt":"2025-03-15T00:04:30","slug":"chemise-manches-longues-from-future-poche-h24-homme-sable","status":"publish","type":"product","link":"https:\/\/streetmarkets.fr\/app\/produit\/chemise-manches-longues-from-future-poche-h24-homme-sable\/","title":{"rendered":"Chemise Manches Longues From Future Poche (H24 \/ HOMME \/ Sable)"},"content":{"rendered":"<p>Rejoignez le Club avec cette chemise flanelle oversize orn\u00e9e d&#8217;une signature sur la poche poitrine. Muni de manches longues, d&#8217;une fermeture et de poignets boutonn\u00e9s, elle conf\u00e8re une silhouette structur\u00e9e en toute \u00e9l\u00e9gance. Pi\u00e8ce incontournable, elle accompagne vos tenues d\u00e9contract\u00e9es comme plus sophistiqu\u00e9es.<\/p>\n<p>&#8211; Chemise flanelle en coton Homme<br \/>\n<br \/>&#8211; Poche poitrine et broderie &#8220;Future Club&#8221;<br \/>\n<br \/>&#8211; Col chemise<br \/>\n<br \/>&#8211; Fermeture boutonn\u00e9e<br \/>\n<br \/>&#8211; Manches longues<br \/>\n<br \/>&#8211; Poignets boutonn\u00e9s<br \/>\n<br \/>&#8211; Coupe ovzesize<\/p>\n","protected":false},"excerpt":{"rendered":"<p>Rejoignez le Club avec cette chemise flanelle oversize orn\u00e9e d&#8217;une signature sur la poche poitrine. Muni de manches longues, d&#8217;une fermeture et de poignets boutonn\u00e9s, elle conf\u00e8re une silhouette structur\u00e9e en toute \u00e9l\u00e9gance. Pi\u00e8ce incontournable, elle accompagne vos tenues d\u00e9contract\u00e9es comme plus sophistiqu\u00e9es. &#8211; Chemise flanelle en coton Homme &#8211; Poche poitrine et broderie &#8220;Future [&hellip;]<\/p>\n","protected":false},"featured_media":776782,"comment_status":"open","ping_status":"closed","template":"","meta":[],"product_brand":[6868],"product_cat":[1756,1758],"product_tag":[2244],"acf":[],"_links":{"self":[{"href":"https:\/\/streetmarkets.fr\/app\/wp-json\/wp\/v2\/product\/776781"}],"collection":[{"href":"https:\/\/streetmarkets.fr\/app\/wp-json\/wp\/v2\/product"}],"about":[{"href":"https:\/\/streetmarkets.fr\/app\/wp-json\/wp\/v2\/types\/product"}],"replies":[{"embeddable":true,"href":"https:\/\/streetmarkets.fr\/app\/wp-json\/wp\/v2\/comments?post=776781"}],"wp:featuredmedia":[{"embeddable":true,"href":"https:\/\/streetmarkets.fr\/app\/wp-json\/wp\/v2\/media\/776782"}],"wp:attachment":[{"href":"https:\/\/streetmarkets.fr\/app\/wp-json\/wp\/v2\/media?parent=776781"}],"wp:term":[{"taxonomy":"product_brand","embeddable":true,"href":"https:\/\/streetmarkets.fr\/app\/wp-json\/wp\/v2\/product_brand?post=776781"},{"taxonomy":"product_cat","embeddable":true,"href":"https:\/\/streetmarkets.fr\/app\/wp-json\/wp\/v2\/product_cat?post=776781"},{"taxonomy":"product_tag","embeddable":true,"href":"https:\/\/streetmarkets.fr\/app\/wp-json\/wp\/v2\/product_tag?post=776781"}],"curies":[{"name":"wp","href":"https:\/\/api.w.org\/{rel}","templated":true}]}}