{"id":776755,"date":"2024-10-24T02:02:57","date_gmt":"2024-10-24T00:02:57","guid":{"rendered":"https:\/\/streetmarkets.fr\/app\/produit\/pull-hoodie-h24-homme-navy-100-laine-merinos-rws\/"},"modified":"2025-01-09T01:17:47","modified_gmt":"2025-01-09T00:17:47","slug":"pull-hoodie-h24-homme-navy-100-laine-merinos-rws","status":"publish","type":"product","link":"https:\/\/streetmarkets.fr\/app\/produit\/pull-hoodie-h24-homme-navy-100-laine-merinos-rws\/","title":{"rendered":"Pull Hoodie (H24 \/ HOMME \/ Navy \/ 100% Laine M\u00e9rinos RWS)"},"content":{"rendered":"<p>Confectionn\u00e9 en 100% laine m\u00e9rinos certifi\u00e9e RWS (Responsible Wool Standard), notre iconique pull hoodie adopte une maille douce et moelleuse. Muni d&#8217;une capuche, de manches longues et de bords c\u00f4tel\u00e9s, il se porte sans effort et s&#8217;associe \u00e0 un jean ample ou un pantalon structur\u00e9.<\/p>\n<p>&#8211; Pull hoodie en laine m\u00e9rinos Homme <br \/>&#8211; Capuche <br \/>&#8211; Manches longues <br \/>&#8211; Bords c\u00f4tel\u00e9s <br \/>&#8211; Coupe regular <br \/>&#8211; Laine m\u00e9rinos : respirante et thermor\u00e9gulatrice, elle peut \u00eatre port\u00e9e \u00e9t\u00e9 comme hiver<\/p>\n","protected":false},"excerpt":{"rendered":"<p>Confectionn\u00e9 en 100% laine m\u00e9rinos certifi\u00e9e RWS (Responsible Wool Standard), notre iconique pull hoodie adopte une maille douce et moelleuse. Muni d&#8217;une capuche, de manches longues et de bords c\u00f4tel\u00e9s, il se porte sans effort et s&#8217;associe \u00e0 un jean ample ou un pantalon structur\u00e9. &#8211; Pull hoodie en laine m\u00e9rinos Homme &#8211; Capuche &#8211; [&hellip;]<\/p>\n","protected":false},"featured_media":776756,"comment_status":"open","ping_status":"closed","template":"","meta":[],"product_brand":[6868],"product_cat":[1756,1758],"product_tag":[2244],"acf":[],"_links":{"self":[{"href":"https:\/\/streetmarkets.fr\/app\/wp-json\/wp\/v2\/product\/776755"}],"collection":[{"href":"https:\/\/streetmarkets.fr\/app\/wp-json\/wp\/v2\/product"}],"about":[{"href":"https:\/\/streetmarkets.fr\/app\/wp-json\/wp\/v2\/types\/product"}],"replies":[{"embeddable":true,"href":"https:\/\/streetmarkets.fr\/app\/wp-json\/wp\/v2\/comments?post=776755"}],"wp:featuredmedia":[{"embeddable":true,"href":"https:\/\/streetmarkets.fr\/app\/wp-json\/wp\/v2\/media\/776756"}],"wp:attachment":[{"href":"https:\/\/streetmarkets.fr\/app\/wp-json\/wp\/v2\/media?parent=776755"}],"wp:term":[{"taxonomy":"product_brand","embeddable":true,"href":"https:\/\/streetmarkets.fr\/app\/wp-json\/wp\/v2\/product_brand?post=776755"},{"taxonomy":"product_cat","embeddable":true,"href":"https:\/\/streetmarkets.fr\/app\/wp-json\/wp\/v2\/product_cat?post=776755"},{"taxonomy":"product_tag","embeddable":true,"href":"https:\/\/streetmarkets.fr\/app\/wp-json\/wp\/v2\/product_tag?post=776755"}],"curies":[{"name":"wp","href":"https:\/\/api.w.org\/{rel}","templated":true}]}}