{"id":776745,"date":"2024-10-24T02:02:56","date_gmt":"2024-10-24T00:02:56","guid":{"rendered":"https:\/\/streetmarkets.fr\/app\/produit\/robe-longue-manche-longue-h24-femme-navy\/"},"modified":"2025-03-15T01:04:30","modified_gmt":"2025-03-15T00:04:30","slug":"robe-longue-manche-longue-h24-femme-navy","status":"publish","type":"product","link":"https:\/\/streetmarkets.fr\/app\/produit\/robe-longue-manche-longue-h24-femme-navy\/","title":{"rendered":"Robe Longue Manche Longue (H24 \/ FEMME \/ Navy)"},"content":{"rendered":"<p>La silhouette est \u00e9lanc\u00e9e et les volumes sont revisit\u00e9s avec cette robe orn\u00e9e de liser\u00e9s contrast\u00e9s. Confectionn\u00e9e en laine m\u00e9rinos certifi\u00e9e RWS (Responsible Wool Standard), elle d\u00e9voile une maille c\u00f4tel\u00e9e, un col montant et des manches longues. \u00c0 porter comme une seconde peau, agr\u00e9mentez-l\u00e0 d&#8217;une paire d&#8217;escarpins pour une tenue sophistiqu\u00e9e ou de sneakers pour un look casual.<\/p>\n<p>&#8211; Robe longue en laine m\u00e9rinos Femme<br \/>\n<br \/>&#8211; C\u00f4tel\u00e9e<br \/>\n<br \/>&#8211; Liser\u00e9s contrast\u00e9s<br \/>\n<br \/>&#8211; Col montant<br \/>\n<br \/>&#8211; Manches longues<br \/>\n<br \/>&#8211; Coupe slim<br \/>\n<br \/>&#8211; Laine m\u00e9rinos : respirante et thermor\u00e9gulatrice, elle peut \u00eatre port\u00e9e \u00e9t\u00e9 comme hiver<\/p>\n","protected":false},"excerpt":{"rendered":"<p>La silhouette est \u00e9lanc\u00e9e et les volumes sont revisit\u00e9s avec cette robe orn\u00e9e de liser\u00e9s contrast\u00e9s. Confectionn\u00e9e en laine m\u00e9rinos certifi\u00e9e RWS (Responsible Wool Standard), elle d\u00e9voile une maille c\u00f4tel\u00e9e, un col montant et des manches longues. \u00c0 porter comme une seconde peau, agr\u00e9mentez-l\u00e0 d&#8217;une paire d&#8217;escarpins pour une tenue sophistiqu\u00e9e ou de sneakers pour [&hellip;]<\/p>\n","protected":false},"featured_media":776746,"comment_status":"open","ping_status":"closed","template":"","meta":[],"product_brand":[6868],"product_cat":[1756,1762],"product_tag":[2244],"acf":[],"_links":{"self":[{"href":"https:\/\/streetmarkets.fr\/app\/wp-json\/wp\/v2\/product\/776745"}],"collection":[{"href":"https:\/\/streetmarkets.fr\/app\/wp-json\/wp\/v2\/product"}],"about":[{"href":"https:\/\/streetmarkets.fr\/app\/wp-json\/wp\/v2\/types\/product"}],"replies":[{"embeddable":true,"href":"https:\/\/streetmarkets.fr\/app\/wp-json\/wp\/v2\/comments?post=776745"}],"wp:featuredmedia":[{"embeddable":true,"href":"https:\/\/streetmarkets.fr\/app\/wp-json\/wp\/v2\/media\/776746"}],"wp:attachment":[{"href":"https:\/\/streetmarkets.fr\/app\/wp-json\/wp\/v2\/media?parent=776745"}],"wp:term":[{"taxonomy":"product_brand","embeddable":true,"href":"https:\/\/streetmarkets.fr\/app\/wp-json\/wp\/v2\/product_brand?post=776745"},{"taxonomy":"product_cat","embeddable":true,"href":"https:\/\/streetmarkets.fr\/app\/wp-json\/wp\/v2\/product_cat?post=776745"},{"taxonomy":"product_tag","embeddable":true,"href":"https:\/\/streetmarkets.fr\/app\/wp-json\/wp\/v2\/product_tag?post=776745"}],"curies":[{"name":"wp","href":"https:\/\/api.w.org\/{rel}","templated":true}]}}