{"id":776706,"date":"2024-10-24T02:02:19","date_gmt":"2024-10-24T00:02:19","guid":{"rendered":"https:\/\/streetmarkets.fr\/app\/produit\/pull-col-roule-h24-femme-mountain-green\/"},"modified":"2024-12-10T01:09:01","modified_gmt":"2024-12-10T00:09:01","slug":"pull-col-roule-h24-femme-mountain-green","status":"publish","type":"product","link":"https:\/\/streetmarkets.fr\/app\/produit\/pull-col-roule-h24-femme-mountain-green\/","title":{"rendered":"Pull Col Roul\u00e9 (H24 \/ FEMME \/ Mountain Green)"},"content":{"rendered":"<p>Enveloppez-vous de douceur et d&#8217;\u00e9l\u00e9gance avec ce pull en cachemire, rehauss\u00e9 d&#8217;un col roul\u00e9 brod\u00e9 d&#8217;une signature &#8220;FF&#8221;. Ses manches longues et ses bords c\u00f4tel\u00e9s lui conf\u00e8rent une allure intemporelle. Compl\u00e9tez votre look avec une veste structur\u00e9e et un pantalon fluide.<\/p>\n<p>&#8211; Pull en cachemire certifi\u00e9 GCS\u00ae Femme<br \/>\n<br \/>&#8211; Col roul\u00e9 orn\u00e9 d&#8217;une broderie FF<br \/>\n<br \/>&#8211; Manches longues<br \/>\n<br \/>&#8211; Bords c\u00f4tel\u00e9s<br \/>\n<br \/>&#8211; Coupe regular<br \/>\n<br \/>&#8211; Le Good Cashmere Standard\u00ae (GCS) est une norme ind\u00e9pendante pour un cachemire plus durable et plus responsable. Il vise \u00e0 am\u00e9liorer le bien-\u00eatre des ch\u00e8vres cachemire, les conditions de travail des \u00e9leveurs ainsi qu&#8217;\u00e0 prot\u00e9ger l&#8217;environnement.<br \/>&#8211; <u>Cachemire 4 fils<\/u> <\/p>\n","protected":false},"excerpt":{"rendered":"<p>Enveloppez-vous de douceur et d&#8217;\u00e9l\u00e9gance avec ce pull en cachemire, rehauss\u00e9 d&#8217;un col roul\u00e9 brod\u00e9 d&#8217;une signature &#8220;FF&#8221;. Ses manches longues et ses bords c\u00f4tel\u00e9s lui conf\u00e8rent une allure intemporelle. Compl\u00e9tez votre look avec une veste structur\u00e9e et un pantalon fluide. &#8211; Pull en cachemire certifi\u00e9 GCS\u00ae Femme &#8211; Col roul\u00e9 orn\u00e9 d&#8217;une broderie FF [&hellip;]<\/p>\n","protected":false},"featured_media":776707,"comment_status":"open","ping_status":"closed","template":"","meta":[],"product_brand":[6868],"product_cat":[1756,1762],"product_tag":[2244],"acf":[],"_links":{"self":[{"href":"https:\/\/streetmarkets.fr\/app\/wp-json\/wp\/v2\/product\/776706"}],"collection":[{"href":"https:\/\/streetmarkets.fr\/app\/wp-json\/wp\/v2\/product"}],"about":[{"href":"https:\/\/streetmarkets.fr\/app\/wp-json\/wp\/v2\/types\/product"}],"replies":[{"embeddable":true,"href":"https:\/\/streetmarkets.fr\/app\/wp-json\/wp\/v2\/comments?post=776706"}],"wp:featuredmedia":[{"embeddable":true,"href":"https:\/\/streetmarkets.fr\/app\/wp-json\/wp\/v2\/media\/776707"}],"wp:attachment":[{"href":"https:\/\/streetmarkets.fr\/app\/wp-json\/wp\/v2\/media?parent=776706"}],"wp:term":[{"taxonomy":"product_brand","embeddable":true,"href":"https:\/\/streetmarkets.fr\/app\/wp-json\/wp\/v2\/product_brand?post=776706"},{"taxonomy":"product_cat","embeddable":true,"href":"https:\/\/streetmarkets.fr\/app\/wp-json\/wp\/v2\/product_cat?post=776706"},{"taxonomy":"product_tag","embeddable":true,"href":"https:\/\/streetmarkets.fr\/app\/wp-json\/wp\/v2\/product_tag?post=776706"}],"curies":[{"name":"wp","href":"https:\/\/api.w.org\/{rel}","templated":true}]}}