{"id":775417,"date":"2024-10-23T01:23:59","date_gmt":"2024-10-22T23:23:59","guid":{"rendered":"https:\/\/streetmarkets.fr\/app\/produit\/pins-hornsea-chat\/"},"modified":"2026-05-04T01:17:16","modified_gmt":"2026-05-03T23:17:16","slug":"pins-hornsea-chat","status":"publish","type":"product","link":"https:\/\/streetmarkets.fr\/app\/produit\/pins-hornsea-chat\/","title":{"rendered":"Pin&#8217;s Hornsea Chat"},"content":{"rendered":"<div id=\"product-description-short-41\" class=\"rte-content\">\n <strong><a title=\"Collection Magpie\" href=\"https:\/\/frenchtouche.com\/collections\/magpie\">Collection Magpie<\/a><\/strong>\n<\/div>\n<div class=\"rte-content\"><\/div>\n<div class=\"rte-content\">\n<p><span>Une superbe collaboration avec la belle marque de design vintage \u2013 Hornsea !<\/span><\/p>\n<p><span>G\u00e9ant\u00a0du design britannique, la marque est fond\u00e9e dans les ann\u00e9es 1950 par deux fr\u00e8res dans leur ville natale du m\u00eame nom\u00a0en bord de mer dans le Yorkshire, et a \u00e9t\u00e9 \u00e0 l&#8217;origine de la cr\u00e9ation\u00a0de tas de motifs intemporels repris\u00a0maintenant sur plein de diff\u00e9rents supports !<\/span><\/p>\n<ul>\n<li>Laiton nickel\u00e9 noir et \u00e9mail color\u00e9<\/li>\n<li>Avec carte de support orange\n<\/li>\n<li>Environ 3,4 cm de hauteur\n<\/li>\n<\/ul>\n<\/div>\n<div class=\"rte-content\"><\/div>\n","protected":false},"excerpt":{"rendered":"<p>Collection Magpie Une superbe collaboration avec la belle marque de design vintage \u2013 Hornsea ! G\u00e9ant\u00a0du design britannique, la marque est fond\u00e9e dans les ann\u00e9es 1950 par deux fr\u00e8res dans leur ville natale du m\u00eame nom\u00a0en bord de mer dans le Yorkshire, et a \u00e9t\u00e9 \u00e0 l&#8217;origine de la cr\u00e9ation\u00a0de tas de motifs intemporels repris\u00a0maintenant [&hellip;]<\/p>\n","protected":false},"featured_media":775418,"comment_status":"open","ping_status":"closed","template":"","meta":[],"product_brand":[],"product_cat":[1756,1764],"product_tag":[2244],"acf":[],"_links":{"self":[{"href":"https:\/\/streetmarkets.fr\/app\/wp-json\/wp\/v2\/product\/775417"}],"collection":[{"href":"https:\/\/streetmarkets.fr\/app\/wp-json\/wp\/v2\/product"}],"about":[{"href":"https:\/\/streetmarkets.fr\/app\/wp-json\/wp\/v2\/types\/product"}],"replies":[{"embeddable":true,"href":"https:\/\/streetmarkets.fr\/app\/wp-json\/wp\/v2\/comments?post=775417"}],"wp:featuredmedia":[{"embeddable":true,"href":"https:\/\/streetmarkets.fr\/app\/wp-json\/wp\/v2\/media\/775418"}],"wp:attachment":[{"href":"https:\/\/streetmarkets.fr\/app\/wp-json\/wp\/v2\/media?parent=775417"}],"wp:term":[{"taxonomy":"product_brand","embeddable":true,"href":"https:\/\/streetmarkets.fr\/app\/wp-json\/wp\/v2\/product_brand?post=775417"},{"taxonomy":"product_cat","embeddable":true,"href":"https:\/\/streetmarkets.fr\/app\/wp-json\/wp\/v2\/product_cat?post=775417"},{"taxonomy":"product_tag","embeddable":true,"href":"https:\/\/streetmarkets.fr\/app\/wp-json\/wp\/v2\/product_tag?post=775417"}],"curies":[{"name":"wp","href":"https:\/\/api.w.org\/{rel}","templated":true}]}}