{"id":775247,"date":"2024-10-23T01:23:23","date_gmt":"2024-10-22T23:23:23","guid":{"rendered":"https:\/\/streetmarkets.fr\/app\/produit\/pince-a-cheveux-carrot-cake\/"},"modified":"2026-05-06T01:14:03","modified_gmt":"2026-05-05T23:14:03","slug":"pince-a-cheveux-carrot-cake","status":"publish","type":"product","link":"https:\/\/streetmarkets.fr\/app\/produit\/pince-a-cheveux-carrot-cake\/","title":{"rendered":"Pince \u00e0 cheveux Carrot Cake"},"content":{"rendered":"<div id=\"product-description-short-41\" class=\"rte-content\">\n <a href=\"\/collections\/coucou-suzette\" title=\"Collection Coucou Suzette\"><strong>Collection Coucou Suzette<\/strong><\/a>\n<\/div>\n<div class=\"rte-content\">\n<br \/><strong><\/strong>\n<\/div>\n<div class=\"rte-content\">\n<strong><\/strong><\/p>\n<p><span>Notre go\u00fbter de r\u00e9f\u00e9rence quand les temp\u00e9ratures commencent \u00e0 baisser : une g\u00e9n\u00e9reuse part de carrot cake pardi ! Un g\u00e2teau bien moelleux et \u00e9pic\u00e9, recouvert d\u2019une cr\u00e8me gourmande qui fleure bon le gingembre et la cannelle dans toute la maisonn\u00e9e. Allez hop, voil\u00e0 une pince \u00e0 cheveux \u00e0 son effigie pour combler toutes nos envies et entrer avec joie dans la douce saison.<\/span><\/p>\n<\/div>\n<div class=\"rte-content\">\n<div id=\"product-description-short-123\" class=\"rte-content\">\n<p>Cette\u00a0pince\u00a0est faite \u00e0 partir d&#8217;Acetate de Cellulose recycl\u00e9e &amp; biod\u00e9gradable (Eco-Friendly).<\/p>\n<ul>\n<li><em><span>Composition : ac\u00e9tate de cellulose<\/span><\/em><\/li>\n<li><em>Chaque cr\u00e9ation est unique, la couleur peut varier l\u00e9g\u00e8rement selon le morceau d&#8217;ac\u00e9tate utilis\u00e9<\/em><\/li>\n<li><em>Type d\u2019attache :<span>\u00a0<\/span>dents en ac\u00e9tate<\/em><\/li>\n<li><em><span>Fabriqu\u00e9e en Chine dans une usine audit\u00e9e<\/span><\/em><\/li>\n<li><em>Conseils d\u2019utilisation : \u00e9viter le contact avec l\u2019eau<\/em><\/li>\n<\/ul>\n<p>Dimensions : environ 7,7 cm x 4,5 cm<\/p>\n<\/div>\n<\/div>\n","protected":false},"excerpt":{"rendered":"<p>Collection Coucou Suzette Notre go\u00fbter de r\u00e9f\u00e9rence quand les temp\u00e9ratures commencent \u00e0 baisser : une g\u00e9n\u00e9reuse part de carrot cake pardi ! Un g\u00e2teau bien moelleux et \u00e9pic\u00e9, recouvert d\u2019une cr\u00e8me gourmande qui fleure bon le gingembre et la cannelle dans toute la maisonn\u00e9e. Allez hop, voil\u00e0 une pince \u00e0 cheveux \u00e0 son effigie pour [&hellip;]<\/p>\n","protected":false},"featured_media":775248,"comment_status":"open","ping_status":"closed","template":"","meta":[],"product_brand":[],"product_cat":[1756,1760],"product_tag":[2244,1811],"acf":[],"_links":{"self":[{"href":"https:\/\/streetmarkets.fr\/app\/wp-json\/wp\/v2\/product\/775247"}],"collection":[{"href":"https:\/\/streetmarkets.fr\/app\/wp-json\/wp\/v2\/product"}],"about":[{"href":"https:\/\/streetmarkets.fr\/app\/wp-json\/wp\/v2\/types\/product"}],"replies":[{"embeddable":true,"href":"https:\/\/streetmarkets.fr\/app\/wp-json\/wp\/v2\/comments?post=775247"}],"wp:featuredmedia":[{"embeddable":true,"href":"https:\/\/streetmarkets.fr\/app\/wp-json\/wp\/v2\/media\/775248"}],"wp:attachment":[{"href":"https:\/\/streetmarkets.fr\/app\/wp-json\/wp\/v2\/media?parent=775247"}],"wp:term":[{"taxonomy":"product_brand","embeddable":true,"href":"https:\/\/streetmarkets.fr\/app\/wp-json\/wp\/v2\/product_brand?post=775247"},{"taxonomy":"product_cat","embeddable":true,"href":"https:\/\/streetmarkets.fr\/app\/wp-json\/wp\/v2\/product_cat?post=775247"},{"taxonomy":"product_tag","embeddable":true,"href":"https:\/\/streetmarkets.fr\/app\/wp-json\/wp\/v2\/product_tag?post=775247"}],"curies":[{"name":"wp","href":"https:\/\/api.w.org\/{rel}","templated":true}]}}