{"id":775226,"date":"2024-10-23T01:23:23","date_gmt":"2024-10-22T23:23:23","guid":{"rendered":"https:\/\/streetmarkets.fr\/app\/produit\/barrette-carrot-cake\/"},"modified":"2026-05-02T01:15:24","modified_gmt":"2026-05-01T23:15:24","slug":"barrette-carrot-cake","status":"publish","type":"product","link":"https:\/\/streetmarkets.fr\/app\/produit\/barrette-carrot-cake\/","title":{"rendered":"Barrette Carrot Cake"},"content":{"rendered":"<div class=\"rte-content\" id=\"product-description-short-41\"><strong><a title=\"Collection Coucou Suzette\" href=\"\/collections\/coucou-suzette\">Collection Coucou Suzette<\/a><\/strong><\/div>\n<div class=\"rte-content\">\n<strong><\/strong>\n<\/div>\n<div class=\"rte-content\">\n <span>On vous pr\u00e9sente l\u2019accessoire le plus craquant de tous les temps : la barrette carrot cake ! Une mini part de g\u00e2teau et son nappage de cr\u00e8me, surmont\u00e9 d\u2019une d\u00e9coration carotte. On ne sait pas vous, mais on fond d\u2019amour pour cette gourmandise.<\/span><br \/><strong><\/strong>\n<\/div>\n<div class=\"rte-content\">\n<span><\/span>\n<\/div>\n<div class=\"rte-content\">\n<p>Cette barrette est faite \u00e0 partir d&#8217;Acetate de Cellulose recycl\u00e9e &amp; biod\u00e9gradable (Eco-Friendly).<\/p>\n<ul>\n<li><em><span>Composition : ac\u00e9tate de cellulose<\/span><\/em><\/li>\n<li>\n<em>Chaque cr\u00e9ation est unique, la couleur peut varier l\u00e9g\u00e8rement selon le morceau d&#8217;ac\u00e9tate utilis\u00e9<\/em><em><span><\/span><\/em>\n<\/li>\n<li><em>Type d\u2019attache : barrette crocodile en m\u00e9tal<\/em><\/li>\n<li><em><span>Fabriqu\u00e9e en Chine dans une usine audit\u00e9e<\/span><\/em><\/li>\n<li><em>Conseils d\u2019utilisation : \u00e9viter le contact avec l\u2019eau<\/em><\/li>\n<\/ul>\n<\/div>\n<div class=\"rte-content\">\n<div class=\"rte-content\" id=\"product-description-short-123\">\n<p>Dimensions : environ 3,4 cm x 2,2 cm<\/p>\n<\/div>\n<\/div>\n","protected":false},"excerpt":{"rendered":"<p>Collection Coucou Suzette On vous pr\u00e9sente l\u2019accessoire le plus craquant de tous les temps : la barrette carrot cake ! Une mini part de g\u00e2teau et son nappage de cr\u00e8me, surmont\u00e9 d\u2019une d\u00e9coration carotte. On ne sait pas vous, mais on fond d\u2019amour pour cette gourmandise. Cette barrette est faite \u00e0 partir d&#8217;Acetate de Cellulose [&hellip;]<\/p>\n","protected":false},"featured_media":775227,"comment_status":"open","ping_status":"closed","template":"","meta":[],"product_brand":[],"product_cat":[1756,1760],"product_tag":[2244,1811],"acf":[],"_links":{"self":[{"href":"https:\/\/streetmarkets.fr\/app\/wp-json\/wp\/v2\/product\/775226"}],"collection":[{"href":"https:\/\/streetmarkets.fr\/app\/wp-json\/wp\/v2\/product"}],"about":[{"href":"https:\/\/streetmarkets.fr\/app\/wp-json\/wp\/v2\/types\/product"}],"replies":[{"embeddable":true,"href":"https:\/\/streetmarkets.fr\/app\/wp-json\/wp\/v2\/comments?post=775226"}],"wp:featuredmedia":[{"embeddable":true,"href":"https:\/\/streetmarkets.fr\/app\/wp-json\/wp\/v2\/media\/775227"}],"wp:attachment":[{"href":"https:\/\/streetmarkets.fr\/app\/wp-json\/wp\/v2\/media?parent=775226"}],"wp:term":[{"taxonomy":"product_brand","embeddable":true,"href":"https:\/\/streetmarkets.fr\/app\/wp-json\/wp\/v2\/product_brand?post=775226"},{"taxonomy":"product_cat","embeddable":true,"href":"https:\/\/streetmarkets.fr\/app\/wp-json\/wp\/v2\/product_cat?post=775226"},{"taxonomy":"product_tag","embeddable":true,"href":"https:\/\/streetmarkets.fr\/app\/wp-json\/wp\/v2\/product_tag?post=775226"}],"curies":[{"name":"wp","href":"https:\/\/api.w.org\/{rel}","templated":true}]}}