{"id":774278,"date":"2024-10-22T16:58:11","date_gmt":"2024-10-22T14:58:11","guid":{"rendered":"https:\/\/streetmarkets.fr\/app\/produit\/1990s-alaia-dress\/"},"modified":"2025-03-10T23:55:48","modified_gmt":"2025-03-10T22:55:48","slug":"1990s-alaia-dress","status":"publish","type":"product","link":"https:\/\/streetmarkets.fr\/app\/produit\/1990s-alaia-dress\/","title":{"rendered":"SS 1986 Alaia Bodycon dress"},"content":{"rendered":"<p data-mce-fragment=\"1\"><span style=\"font-family: Calibri, sans-serif\" data-mce-fragment=\"1\"><span style=\"font-size: x-large\" data-mce-fragment=\"1\">Dimensions\u00a0(mesures prises \u00e0 plat)\u00a0: <\/span><\/span><\/p>\n<p data-mce-fragment=\"1\"><br data-mce-fragment=\"1\"><\/p>\n<p data-mce-fragment=\"1\"><span style=\"font-family: Calibri, sans-serif\" data-mce-fragment=\"1\"><span style=\"font-size: x-large\" data-mce-fragment=\"1\">\u00c9paule \u00e0 \u00e9paule\u00a0: 25 cm<\/span><\/span><\/p>\n<p data-mce-fragment=\"1\"><span style=\"font-family: Calibri, sans-serif\" data-mce-fragment=\"1\"><span style=\"font-size: x-large\" data-mce-fragment=\"1\">Longueur manches\u00a0: 0<\/span><\/span><\/p>\n<p data-mce-fragment=\"1\"><span style=\"font-family: Calibri, sans-serif\" data-mce-fragment=\"1\"><span style=\"font-size: x-large\" data-mce-fragment=\"1\">Poitrine : 35 cm<\/span><\/span><\/p>\n<p data-mce-fragment=\"1\"><span style=\"font-family: Calibri, sans-serif\" data-mce-fragment=\"1\"><span style=\"font-size: x-large\" data-mce-fragment=\"1\">Largeur taille\u00a0: 32 cm<\/span><\/span><\/p>\n<p data-mce-fragment=\"1\"><span style=\"font-family: Calibri, sans-serif\" data-mce-fragment=\"1\"><span style=\"font-size: x-large\" data-mce-fragment=\"1\"><span data-mce-fragment=\"1\">Longueur <\/span><span data-mce-fragment=\"1\">t<\/span><span data-mce-fragment=\"1\">otale : <\/span><span data-mce-fragment=\"1\">99 cm<\/span><\/span><\/span><\/p>\n<p data-mce-fragment=\"1\"><br data-mce-fragment=\"1\"><\/p>\n<p data-mce-fragment=\"1\"><span style=\"font-family: Calibri, sans-serif\" data-mce-fragment=\"1\"><span style=\"font-size: x-large\" data-mce-fragment=\"1\">Taille\u00a0: S<\/span><\/span><\/p>\n<p data-mce-fragment=\"1\"><br data-mce-fragment=\"1\"><\/p>\n<p data-mce-fragment=\"1\"><span style=\"font-family: Calibri, sans-serif\" data-mce-fragment=\"1\"><span style=\"font-size: x-large\" data-mce-fragment=\"1\">Composition\u00a0: Acetate<\/span><\/span><\/p>\n<p data-mce-fragment=\"1\"><br data-mce-fragment=\"1\"><\/p>\n<p data-mce-fragment=\"1\"><span style=\"font-family: Calibri, sans-serif\" data-mce-fragment=\"1\"><span style=\"font-size: x-large\" data-mce-fragment=\"1\">Couleur\u00a0: orange<\/span><\/span><\/p>\n<p data-mce-fragment=\"1\"><br data-mce-fragment=\"1\"><\/p>\n<p data-mce-fragment=\"1\"><span style=\"font-family: Calibri, sans-serif\" data-mce-fragment=\"1\"><span style=\"font-size: x-large\" data-mce-fragment=\"1\">Ann\u00e9es\u00a0: 1990<\/span><\/span><\/p>\n<p data-mce-fragment=\"1\"><br data-mce-fragment=\"1\"><\/p>\n<p data-mce-fragment=\"1\"><span style=\"font-family: Calibri, sans-serif\" data-mce-fragment=\"1\"><span style=\"font-size: x-large\" data-mce-fragment=\"1\">\u00c9tat\u00a0: Excellent <\/span><\/span><\/p>\n","protected":false},"excerpt":{"rendered":"<p>Dimensions\u00a0(mesures prises \u00e0 plat)\u00a0: \u00c9paule \u00e0 \u00e9paule\u00a0: 25 cm Longueur manches\u00a0: 0 Poitrine : 35 cm Largeur taille\u00a0: 32 cm Longueur totale : 99 cm Taille\u00a0: S Composition\u00a0: Acetate Couleur\u00a0: orange Ann\u00e9es\u00a0: 1990 \u00c9tat\u00a0: Excellent<\/p>\n","protected":false},"featured_media":774279,"comment_status":"open","ping_status":"closed","template":"","meta":[],"product_brand":[],"product_cat":[1756,1762],"product_tag":[2122],"acf":[],"_links":{"self":[{"href":"https:\/\/streetmarkets.fr\/app\/wp-json\/wp\/v2\/product\/774278"}],"collection":[{"href":"https:\/\/streetmarkets.fr\/app\/wp-json\/wp\/v2\/product"}],"about":[{"href":"https:\/\/streetmarkets.fr\/app\/wp-json\/wp\/v2\/types\/product"}],"replies":[{"embeddable":true,"href":"https:\/\/streetmarkets.fr\/app\/wp-json\/wp\/v2\/comments?post=774278"}],"wp:featuredmedia":[{"embeddable":true,"href":"https:\/\/streetmarkets.fr\/app\/wp-json\/wp\/v2\/media\/774279"}],"wp:attachment":[{"href":"https:\/\/streetmarkets.fr\/app\/wp-json\/wp\/v2\/media?parent=774278"}],"wp:term":[{"taxonomy":"product_brand","embeddable":true,"href":"https:\/\/streetmarkets.fr\/app\/wp-json\/wp\/v2\/product_brand?post=774278"},{"taxonomy":"product_cat","embeddable":true,"href":"https:\/\/streetmarkets.fr\/app\/wp-json\/wp\/v2\/product_cat?post=774278"},{"taxonomy":"product_tag","embeddable":true,"href":"https:\/\/streetmarkets.fr\/app\/wp-json\/wp\/v2\/product_tag?post=774278"}],"curies":[{"name":"wp","href":"https:\/\/api.w.org\/{rel}","templated":true}]}}