{"id":773697,"date":"2024-10-22T14:26:29","date_gmt":"2024-10-22T12:26:29","guid":{"rendered":"https:\/\/streetmarkets.fr\/app\/produit\/chaussettes-maite-lirlandaise-en-blanc\/"},"modified":"2025-11-24T00:18:39","modified_gmt":"2025-11-23T23:18:39","slug":"chaussettes-maite-lirlandaise-en-blanc","status":"publish","type":"product","link":"https:\/\/streetmarkets.fr\/app\/produit\/chaussettes-maite-lirlandaise-en-blanc\/","title":{"rendered":"Chaussettes Ma\u00eft\u00e9 l&#8217;Irlandaise en Blanc"},"content":{"rendered":"<p>Ma\u00eft\u00e9 l\u2019Irlandaise en Blanc, c\u2019est la paire de chaussettes en laine m\u00e9rinos que l\u2019on enfile sans h\u00e9siter quand il fait frais. Tricot\u00e9es en France, au c\u0153ur du Tarn, et remaill\u00e9es \u00e0 la main, elles offrent une finition soign\u00e9e et un confort durable. La laine m\u00e9rinos apporte une chaleur douce et respirante, id\u00e9ale pour la journ\u00e9e. Le polyamide renforce la tenue, l\u2019\u00e9lasthane assure un bon maintien. En blanc, elles s\u2019accordent avec tout, de vos baskets du week-end \u00e0 vos derbies du bureau. Une valeur s\u00fbre pour un accessoire utile, doux et vraiment agr\u00e9able \u00e0 porter.<\/p>\n","protected":false},"excerpt":{"rendered":"<p>Ma\u00eft\u00e9 l\u2019Irlandaise en Blanc, c\u2019est la paire de chaussettes en laine m\u00e9rinos que l\u2019on enfile sans h\u00e9siter quand il fait frais. Tricot\u00e9es en France, au c\u0153ur du Tarn, et remaill\u00e9es \u00e0 la main, elles offrent une finition soign\u00e9e et un confort durable. La laine m\u00e9rinos apporte une chaleur douce et respirante, id\u00e9ale pour la journ\u00e9e. [&hellip;]<\/p>\n","protected":false},"featured_media":773698,"comment_status":"open","ping_status":"closed","template":"","meta":[],"product_brand":[],"product_cat":[1756,1764],"product_tag":[1810],"acf":[],"_links":{"self":[{"href":"https:\/\/streetmarkets.fr\/app\/wp-json\/wp\/v2\/product\/773697"}],"collection":[{"href":"https:\/\/streetmarkets.fr\/app\/wp-json\/wp\/v2\/product"}],"about":[{"href":"https:\/\/streetmarkets.fr\/app\/wp-json\/wp\/v2\/types\/product"}],"replies":[{"embeddable":true,"href":"https:\/\/streetmarkets.fr\/app\/wp-json\/wp\/v2\/comments?post=773697"}],"wp:featuredmedia":[{"embeddable":true,"href":"https:\/\/streetmarkets.fr\/app\/wp-json\/wp\/v2\/media\/773698"}],"wp:attachment":[{"href":"https:\/\/streetmarkets.fr\/app\/wp-json\/wp\/v2\/media?parent=773697"}],"wp:term":[{"taxonomy":"product_brand","embeddable":true,"href":"https:\/\/streetmarkets.fr\/app\/wp-json\/wp\/v2\/product_brand?post=773697"},{"taxonomy":"product_cat","embeddable":true,"href":"https:\/\/streetmarkets.fr\/app\/wp-json\/wp\/v2\/product_cat?post=773697"},{"taxonomy":"product_tag","embeddable":true,"href":"https:\/\/streetmarkets.fr\/app\/wp-json\/wp\/v2\/product_tag?post=773697"}],"curies":[{"name":"wp","href":"https:\/\/api.w.org\/{rel}","templated":true}]}}