{"id":773560,"date":"2024-10-22T14:25:44","date_gmt":"2024-10-22T12:25:44","guid":{"rendered":"https:\/\/streetmarkets.fr\/app\/produit\/serviette-de-plage-swell\/"},"modified":"2025-11-24T00:18:26","modified_gmt":"2025-11-23T23:18:26","slug":"serviette-de-plage-swell","status":"publish","type":"product","link":"https:\/\/streetmarkets.fr\/app\/produit\/serviette-de-plage-swell\/","title":{"rendered":"Serviette de Plage Swell"},"content":{"rendered":"<p>Swell, c\u2019est la serviette de plage en coton bio qu\u2019on attendait : douce, \u00e9paisse et vraiment pratique. Tiss\u00e9e (et non imprim\u00e9e) pour des couleurs durables et un s\u00e9chage optimis\u00e9, elle offre un confort g\u00e9n\u00e9reux au format 180 x 100 cm. Son syst\u00e8me malin de 4 pinces maintient la serviette bien tendue dans le sable et permet m\u00eame de l\u2019assembler avec d\u2019autres serviettes Tucca. La poche imperm\u00e9able int\u00e9gr\u00e9e prot\u00e8ge t\u00e9l\u00e9phone, cl\u00e9s et petites affaires de l\u2019humidit\u00e9, du sable et du soleil. Con\u00e7ue en Espagne et fabriqu\u00e9e au nord du Portugal, elle vous suit \u00e0 la plage, \u00e0 la piscine ou au parc \u2014 pour bronzer, pique-niquer ou bouquiner sans prise de t\u00eate.<\/p>\n","protected":false},"excerpt":{"rendered":"<p>Swell, c\u2019est la serviette de plage en coton bio qu\u2019on attendait : douce, \u00e9paisse et vraiment pratique. Tiss\u00e9e (et non imprim\u00e9e) pour des couleurs durables et un s\u00e9chage optimis\u00e9, elle offre un confort g\u00e9n\u00e9reux au format 180 x 100 cm. Son syst\u00e8me malin de 4 pinces maintient la serviette bien tendue dans le sable et [&hellip;]<\/p>\n","protected":false},"featured_media":773561,"comment_status":"open","ping_status":"closed","template":"","meta":[],"product_brand":[],"product_cat":[1756,1764],"product_tag":[1810],"acf":[],"_links":{"self":[{"href":"https:\/\/streetmarkets.fr\/app\/wp-json\/wp\/v2\/product\/773560"}],"collection":[{"href":"https:\/\/streetmarkets.fr\/app\/wp-json\/wp\/v2\/product"}],"about":[{"href":"https:\/\/streetmarkets.fr\/app\/wp-json\/wp\/v2\/types\/product"}],"replies":[{"embeddable":true,"href":"https:\/\/streetmarkets.fr\/app\/wp-json\/wp\/v2\/comments?post=773560"}],"wp:featuredmedia":[{"embeddable":true,"href":"https:\/\/streetmarkets.fr\/app\/wp-json\/wp\/v2\/media\/773561"}],"wp:attachment":[{"href":"https:\/\/streetmarkets.fr\/app\/wp-json\/wp\/v2\/media?parent=773560"}],"wp:term":[{"taxonomy":"product_brand","embeddable":true,"href":"https:\/\/streetmarkets.fr\/app\/wp-json\/wp\/v2\/product_brand?post=773560"},{"taxonomy":"product_cat","embeddable":true,"href":"https:\/\/streetmarkets.fr\/app\/wp-json\/wp\/v2\/product_cat?post=773560"},{"taxonomy":"product_tag","embeddable":true,"href":"https:\/\/streetmarkets.fr\/app\/wp-json\/wp\/v2\/product_tag?post=773560"}],"curies":[{"name":"wp","href":"https:\/\/api.w.org\/{rel}","templated":true}]}}