{"id":773528,"date":"2024-10-22T14:25:40","date_gmt":"2024-10-22T12:25:40","guid":{"rendered":"https:\/\/streetmarkets.fr\/app\/produit\/bonnet-ara-kaki-2\/"},"modified":"2025-11-24T00:18:26","modified_gmt":"2025-11-23T23:18:26","slug":"bonnet-ara-kaki-2","status":"publish","type":"product","link":"https:\/\/streetmarkets.fr\/app\/produit\/bonnet-ara-kaki-2\/","title":{"rendered":"Bonnet laine m\u00e9rinos mixte &#8211; Kaki"},"content":{"rendered":"<p>Un indispensable de l\u2019hiver, simple et bien fait. Ce bonnet en 100% laine m\u00e9rinos est tricot\u00e9 en France, dans un atelier familial de la r\u00e9gion parisienne, fort d\u2019un savoir-faire transmis depuis trois g\u00e9n\u00e9rations. Le fil, fabriqu\u00e9 et teint\u00e9 en Italie, offre une maille douce et r\u00e9sistante qui tient chaud sans alourdir. Unisexe et taille unique, il s\u2019adapte au quotidien pour garder la t\u00eate au chaud avec style. Son kaki facile \u00e0 assortir traverse les saisons et les tendances, pour un accessoire durable et ind\u00e9modable.<\/p>\n","protected":false},"excerpt":{"rendered":"<p>Un indispensable de l\u2019hiver, simple et bien fait. Ce bonnet en 100% laine m\u00e9rinos est tricot\u00e9 en France, dans un atelier familial de la r\u00e9gion parisienne, fort d\u2019un savoir-faire transmis depuis trois g\u00e9n\u00e9rations. Le fil, fabriqu\u00e9 et teint\u00e9 en Italie, offre une maille douce et r\u00e9sistante qui tient chaud sans alourdir. Unisexe et taille unique, [&hellip;]<\/p>\n","protected":false},"featured_media":773529,"comment_status":"open","ping_status":"closed","template":"","meta":[],"product_brand":[],"product_cat":[1756,1760],"product_tag":[1810],"acf":[],"_links":{"self":[{"href":"https:\/\/streetmarkets.fr\/app\/wp-json\/wp\/v2\/product\/773528"}],"collection":[{"href":"https:\/\/streetmarkets.fr\/app\/wp-json\/wp\/v2\/product"}],"about":[{"href":"https:\/\/streetmarkets.fr\/app\/wp-json\/wp\/v2\/types\/product"}],"replies":[{"embeddable":true,"href":"https:\/\/streetmarkets.fr\/app\/wp-json\/wp\/v2\/comments?post=773528"}],"wp:featuredmedia":[{"embeddable":true,"href":"https:\/\/streetmarkets.fr\/app\/wp-json\/wp\/v2\/media\/773529"}],"wp:attachment":[{"href":"https:\/\/streetmarkets.fr\/app\/wp-json\/wp\/v2\/media?parent=773528"}],"wp:term":[{"taxonomy":"product_brand","embeddable":true,"href":"https:\/\/streetmarkets.fr\/app\/wp-json\/wp\/v2\/product_brand?post=773528"},{"taxonomy":"product_cat","embeddable":true,"href":"https:\/\/streetmarkets.fr\/app\/wp-json\/wp\/v2\/product_cat?post=773528"},{"taxonomy":"product_tag","embeddable":true,"href":"https:\/\/streetmarkets.fr\/app\/wp-json\/wp\/v2\/product_tag?post=773528"}],"curies":[{"name":"wp","href":"https:\/\/api.w.org\/{rel}","templated":true}]}}