{"id":773514,"date":"2024-10-22T14:25:38","date_gmt":"2024-10-22T12:25:38","guid":{"rendered":"https:\/\/streetmarkets.fr\/app\/produit\/bonnet-ara-vert-olive-2\/"},"modified":"2025-11-24T00:18:26","modified_gmt":"2025-11-23T23:18:26","slug":"bonnet-ara-vert-olive-2","status":"publish","type":"product","link":"https:\/\/streetmarkets.fr\/app\/produit\/bonnet-ara-vert-olive-2\/","title":{"rendered":"Bonnet laine m\u00e9rinos mixte &#8211; Vert olive"},"content":{"rendered":"<p>Ce bonnet en 100% laine m\u00e9rinos sign\u00e9 Tricots Jean Marc coche toutes les cases du bon accessoire hiver. Chaud, doux et respirant, il accompagne le quotidien sans surchauffer. Tricot\u00e9 en France dans un atelier familial de la r\u00e9gion parisienne, avec un fil de qualit\u00e9 fabriqu\u00e9 et teint en Italie, il mise sur la belle mati\u00e8re et un savoir-faire transmis depuis 3 g\u00e9n\u00e9rations.<\/p>\n<p>Sa coupe unisexe et sa taille unique s\u2019adaptent facilement. En vert olive, il apporte une touche moderne et naturelle \u00e0 tous les looks, du bureau aux week-ends au grand air. Un indispensable durable et ind\u00e9modable, pens\u00e9 pour durer saison apr\u00e8s saison.<\/p>\n","protected":false},"excerpt":{"rendered":"<p>Ce bonnet en 100% laine m\u00e9rinos sign\u00e9 Tricots Jean Marc coche toutes les cases du bon accessoire hiver. Chaud, doux et respirant, il accompagne le quotidien sans surchauffer. Tricot\u00e9 en France dans un atelier familial de la r\u00e9gion parisienne, avec un fil de qualit\u00e9 fabriqu\u00e9 et teint en Italie, il mise sur la belle mati\u00e8re [&hellip;]<\/p>\n","protected":false},"featured_media":773515,"comment_status":"open","ping_status":"closed","template":"","meta":[],"product_brand":[],"product_cat":[1756,1764],"product_tag":[1810],"acf":[],"_links":{"self":[{"href":"https:\/\/streetmarkets.fr\/app\/wp-json\/wp\/v2\/product\/773514"}],"collection":[{"href":"https:\/\/streetmarkets.fr\/app\/wp-json\/wp\/v2\/product"}],"about":[{"href":"https:\/\/streetmarkets.fr\/app\/wp-json\/wp\/v2\/types\/product"}],"replies":[{"embeddable":true,"href":"https:\/\/streetmarkets.fr\/app\/wp-json\/wp\/v2\/comments?post=773514"}],"wp:featuredmedia":[{"embeddable":true,"href":"https:\/\/streetmarkets.fr\/app\/wp-json\/wp\/v2\/media\/773515"}],"wp:attachment":[{"href":"https:\/\/streetmarkets.fr\/app\/wp-json\/wp\/v2\/media?parent=773514"}],"wp:term":[{"taxonomy":"product_brand","embeddable":true,"href":"https:\/\/streetmarkets.fr\/app\/wp-json\/wp\/v2\/product_brand?post=773514"},{"taxonomy":"product_cat","embeddable":true,"href":"https:\/\/streetmarkets.fr\/app\/wp-json\/wp\/v2\/product_cat?post=773514"},{"taxonomy":"product_tag","embeddable":true,"href":"https:\/\/streetmarkets.fr\/app\/wp-json\/wp\/v2\/product_tag?post=773514"}],"curies":[{"name":"wp","href":"https:\/\/api.w.org\/{rel}","templated":true}]}}