{"id":773506,"date":"2024-10-22T14:25:36","date_gmt":"2024-10-22T12:25:36","guid":{"rendered":"https:\/\/streetmarkets.fr\/app\/produit\/carte-cadeau-les-ethiquetes\/"},"modified":"2025-11-24T00:18:26","modified_gmt":"2025-11-23T23:18:26","slug":"carte-cadeau-les-ethiquetes","status":"publish","type":"product","link":"https:\/\/streetmarkets.fr\/app\/produit\/carte-cadeau-les-ethiquetes\/","title":{"rendered":"Carte cadeau Les \u00e9thiquet\u00e9s"},"content":{"rendered":"<p>Parfaite quand on h\u00e9site, cette <strong>carte cadeau d\u00e9mat\u00e9rialis\u00e9e<\/strong> laisse au b\u00e9n\u00e9ficiaire la libert\u00e9 de choisir parmi toute la s\u00e9lection du site. <strong>Valable 1 an<\/strong>, elle s\u2019utilise <strong>en une ou plusieurs fois<\/strong>, et peut m\u00eame <strong>couvrir les frais de livraison<\/strong>.<\/p>\n<p>Pratique et rapide, vous la recevez par e-mail pour la transmettre directement ou l\u2019imprimer. Une <strong>id\u00e9e cadeau responsable<\/strong> qui fait plaisir \u00e0 coup s\u00fbr, pour un anniversaire, une attention de derni\u00e8re minute ou un petit mot \u201cmerci\u201d.<\/p>\n","protected":false},"excerpt":{"rendered":"<p>Parfaite quand on h\u00e9site, cette carte cadeau d\u00e9mat\u00e9rialis\u00e9e laisse au b\u00e9n\u00e9ficiaire la libert\u00e9 de choisir parmi toute la s\u00e9lection du site. Valable 1 an, elle s\u2019utilise en une ou plusieurs fois, et peut m\u00eame couvrir les frais de livraison. Pratique et rapide, vous la recevez par e-mail pour la transmettre directement ou l\u2019imprimer. Une id\u00e9e [&hellip;]<\/p>\n","protected":false},"featured_media":773507,"comment_status":"open","ping_status":"closed","template":"","meta":[],"product_brand":[],"product_cat":[1756,1764],"product_tag":[1810],"acf":[],"_links":{"self":[{"href":"https:\/\/streetmarkets.fr\/app\/wp-json\/wp\/v2\/product\/773506"}],"collection":[{"href":"https:\/\/streetmarkets.fr\/app\/wp-json\/wp\/v2\/product"}],"about":[{"href":"https:\/\/streetmarkets.fr\/app\/wp-json\/wp\/v2\/types\/product"}],"replies":[{"embeddable":true,"href":"https:\/\/streetmarkets.fr\/app\/wp-json\/wp\/v2\/comments?post=773506"}],"wp:featuredmedia":[{"embeddable":true,"href":"https:\/\/streetmarkets.fr\/app\/wp-json\/wp\/v2\/media\/773507"}],"wp:attachment":[{"href":"https:\/\/streetmarkets.fr\/app\/wp-json\/wp\/v2\/media?parent=773506"}],"wp:term":[{"taxonomy":"product_brand","embeddable":true,"href":"https:\/\/streetmarkets.fr\/app\/wp-json\/wp\/v2\/product_brand?post=773506"},{"taxonomy":"product_cat","embeddable":true,"href":"https:\/\/streetmarkets.fr\/app\/wp-json\/wp\/v2\/product_cat?post=773506"},{"taxonomy":"product_tag","embeddable":true,"href":"https:\/\/streetmarkets.fr\/app\/wp-json\/wp\/v2\/product_tag?post=773506"}],"curies":[{"name":"wp","href":"https:\/\/api.w.org\/{rel}","templated":true}]}}