{"id":773482,"date":"2024-10-22T14:25:34","date_gmt":"2024-10-22T12:25:34","guid":{"rendered":"https:\/\/streetmarkets.fr\/app\/produit\/chaussures-alegre-suede-olive\/"},"modified":"2025-11-24T00:18:25","modified_gmt":"2025-11-23T23:18:25","slug":"chaussures-alegre-suede-olive","status":"publish","type":"product","link":"https:\/\/streetmarkets.fr\/app\/produit\/chaussures-alegre-suede-olive\/","title":{"rendered":"Chaussures Alegre &#8211; Suede olive"},"content":{"rendered":"<p>Inspir\u00e9e de la huarache mexicaine, cette paire revisite le classique en version daim olive \u00e0 la fois douce et lumineuse. L\u2019empeigne enti\u00e8rement tress\u00e9e en cuir v\u00e9g\u00e9tal se pose comme une seconde peau, laisse le pied respirer et gagne en souplesse au fil des pas.<br \/>\nChaque paire est confectionn\u00e9e \u00e0 la main, du d\u00e9coupage au tressage jusqu\u2019au vernis final. La doublure en cuir au talon et au cou-de-pied am\u00e9liore le maintien, la semelle int\u00e9rieure en cuir assure le confort, et la semelle ext\u00e9rieure en gomme apporte une accroche discr\u00e8te pour la vie de tous les jours. R\u00e9sultat : un nu-pieds \u00e9l\u00e9gant, durable et facile \u00e0 porter, du march\u00e9 du dimanche \u00e0 l\u2019ap\u00e9ro au soleil.<\/p>\n","protected":false},"excerpt":{"rendered":"<p>Inspir\u00e9e de la huarache mexicaine, cette paire revisite le classique en version daim olive \u00e0 la fois douce et lumineuse. L\u2019empeigne enti\u00e8rement tress\u00e9e en cuir v\u00e9g\u00e9tal se pose comme une seconde peau, laisse le pied respirer et gagne en souplesse au fil des pas. Chaque paire est confectionn\u00e9e \u00e0 la main, du d\u00e9coupage au tressage [&hellip;]<\/p>\n","protected":false},"featured_media":773483,"comment_status":"open","ping_status":"closed","template":"","meta":[],"product_brand":[],"product_cat":[1756,1763],"product_tag":[1810],"acf":[],"_links":{"self":[{"href":"https:\/\/streetmarkets.fr\/app\/wp-json\/wp\/v2\/product\/773482"}],"collection":[{"href":"https:\/\/streetmarkets.fr\/app\/wp-json\/wp\/v2\/product"}],"about":[{"href":"https:\/\/streetmarkets.fr\/app\/wp-json\/wp\/v2\/types\/product"}],"replies":[{"embeddable":true,"href":"https:\/\/streetmarkets.fr\/app\/wp-json\/wp\/v2\/comments?post=773482"}],"wp:featuredmedia":[{"embeddable":true,"href":"https:\/\/streetmarkets.fr\/app\/wp-json\/wp\/v2\/media\/773483"}],"wp:attachment":[{"href":"https:\/\/streetmarkets.fr\/app\/wp-json\/wp\/v2\/media?parent=773482"}],"wp:term":[{"taxonomy":"product_brand","embeddable":true,"href":"https:\/\/streetmarkets.fr\/app\/wp-json\/wp\/v2\/product_brand?post=773482"},{"taxonomy":"product_cat","embeddable":true,"href":"https:\/\/streetmarkets.fr\/app\/wp-json\/wp\/v2\/product_cat?post=773482"},{"taxonomy":"product_tag","embeddable":true,"href":"https:\/\/streetmarkets.fr\/app\/wp-json\/wp\/v2\/product_tag?post=773482"}],"curies":[{"name":"wp","href":"https:\/\/api.w.org\/{rel}","templated":true}]}}