{"id":773448,"date":"2024-10-22T14:25:29","date_gmt":"2024-10-22T12:25:29","guid":{"rendered":"https:\/\/streetmarkets.fr\/app\/produit\/bustier-liao-rose-pale\/"},"modified":"2025-11-24T00:18:24","modified_gmt":"2025-11-23T23:18:24","slug":"bustier-liao-rose-pale","status":"publish","type":"product","link":"https:\/\/streetmarkets.fr\/app\/produit\/bustier-liao-rose-pale\/","title":{"rendered":"Bustier Liao &#8211; Rose p\u00e2le"},"content":{"rendered":"<p>Une dentelle d\u00e9licate, une couleur rose p\u00e2le facile \u00e0 vivre et une conception soign\u00e9e : ce bustier coche toutes les cases de la lingerie \u00e9co-responsable. R\u00e9alis\u00e9 en dentelle issue de fibres recycl\u00e9es, il offre une souplesse agr\u00e9able au quotidien gr\u00e2ce \u00e0 l\u2019\u00e9lasthanne.<br \/>\nDesign\u00e9 \u00e0 Paris et fabriqu\u00e9 en Hongrie, il associe allure et conscience sans compromis. Les teintures sont certifi\u00e9es Oeko-Tex 100, pour un contact serein avec la peau. \u00c0 glisser sous une chemise l\u00e9g\u00e8re ou \u00e0 jouer en superposition, il apporte juste ce qu\u2019il faut de f\u00e9minit\u00e9. Existe aussi en noir et en myosotis.<\/p>\n","protected":false},"excerpt":{"rendered":"<p>Une dentelle d\u00e9licate, une couleur rose p\u00e2le facile \u00e0 vivre et une conception soign\u00e9e : ce bustier coche toutes les cases de la lingerie \u00e9co-responsable. R\u00e9alis\u00e9 en dentelle issue de fibres recycl\u00e9es, il offre une souplesse agr\u00e9able au quotidien gr\u00e2ce \u00e0 l\u2019\u00e9lasthanne. Design\u00e9 \u00e0 Paris et fabriqu\u00e9 en Hongrie, il associe allure et conscience sans [&hellip;]<\/p>\n","protected":false},"featured_media":773449,"comment_status":"open","ping_status":"closed","template":"","meta":[],"product_brand":[],"product_cat":[1756,1762],"product_tag":[1810],"acf":[],"_links":{"self":[{"href":"https:\/\/streetmarkets.fr\/app\/wp-json\/wp\/v2\/product\/773448"}],"collection":[{"href":"https:\/\/streetmarkets.fr\/app\/wp-json\/wp\/v2\/product"}],"about":[{"href":"https:\/\/streetmarkets.fr\/app\/wp-json\/wp\/v2\/types\/product"}],"replies":[{"embeddable":true,"href":"https:\/\/streetmarkets.fr\/app\/wp-json\/wp\/v2\/comments?post=773448"}],"wp:featuredmedia":[{"embeddable":true,"href":"https:\/\/streetmarkets.fr\/app\/wp-json\/wp\/v2\/media\/773449"}],"wp:attachment":[{"href":"https:\/\/streetmarkets.fr\/app\/wp-json\/wp\/v2\/media?parent=773448"}],"wp:term":[{"taxonomy":"product_brand","embeddable":true,"href":"https:\/\/streetmarkets.fr\/app\/wp-json\/wp\/v2\/product_brand?post=773448"},{"taxonomy":"product_cat","embeddable":true,"href":"https:\/\/streetmarkets.fr\/app\/wp-json\/wp\/v2\/product_cat?post=773448"},{"taxonomy":"product_tag","embeddable":true,"href":"https:\/\/streetmarkets.fr\/app\/wp-json\/wp\/v2\/product_tag?post=773448"}],"curies":[{"name":"wp","href":"https:\/\/api.w.org\/{rel}","templated":true}]}}