{"id":773438,"date":"2024-10-22T14:25:27","date_gmt":"2024-10-22T12:25:27","guid":{"rendered":"https:\/\/streetmarkets.fr\/app\/produit\/culotte-liao-coton-rose-pale\/"},"modified":"2025-11-24T00:18:24","modified_gmt":"2025-11-23T23:18:24","slug":"culotte-liao-coton-rose-pale","status":"publish","type":"product","link":"https:\/\/streetmarkets.fr\/app\/produit\/culotte-liao-coton-rose-pale\/","title":{"rendered":"Culotte Liao coton &#8211; Rose p\u00e2le"},"content":{"rendered":"<p>Un bas qui coche toutes les cases de la lingerie responsable et agr\u00e9able \u00e0 porter. Cette culotte m\u00eale la <strong>douceur respirante du coton biologique<\/strong> et l\u2019\u00e9l\u00e9gance d\u2019une <strong>dentelle en fibre recycl\u00e9e<\/strong> venue d\u2019Italie. Le r\u00e9sultat : un mod\u00e8le discret, confortable, f\u00e9minin, parfait pour accompagner vos journ\u00e9es sans compromis.<\/p>\n<p>Imagin\u00e9e \u00e0 Paris et confectionn\u00e9e en Hongrie, elle privil\u00e9gie des mati\u00e8res s\u00fbres et trac\u00e9es : coton certifi\u00e9 GOTS et <strong>teintures certifi\u00e9es Oeko-Tex 100<\/strong>. Le coloris <strong>rose p\u00e2le<\/strong> apporte une touche tendre et chic, facile \u00e0 assortir. Une culotte de tous les jours qui respire, soutient en l\u00e9g\u00e8ret\u00e9 et fait du bien autant \u00e0 la peau qu\u2019\u00e0 l\u2019esprit.<\/p>\n","protected":false},"excerpt":{"rendered":"<p>Un bas qui coche toutes les cases de la lingerie responsable et agr\u00e9able \u00e0 porter. Cette culotte m\u00eale la douceur respirante du coton biologique et l\u2019\u00e9l\u00e9gance d\u2019une dentelle en fibre recycl\u00e9e venue d\u2019Italie. Le r\u00e9sultat : un mod\u00e8le discret, confortable, f\u00e9minin, parfait pour accompagner vos journ\u00e9es sans compromis. Imagin\u00e9e \u00e0 Paris et confectionn\u00e9e en Hongrie, [&hellip;]<\/p>\n","protected":false},"featured_media":773439,"comment_status":"open","ping_status":"closed","template":"","meta":[],"product_brand":[],"product_cat":[1756,1762],"product_tag":[1810],"acf":[],"_links":{"self":[{"href":"https:\/\/streetmarkets.fr\/app\/wp-json\/wp\/v2\/product\/773438"}],"collection":[{"href":"https:\/\/streetmarkets.fr\/app\/wp-json\/wp\/v2\/product"}],"about":[{"href":"https:\/\/streetmarkets.fr\/app\/wp-json\/wp\/v2\/types\/product"}],"replies":[{"embeddable":true,"href":"https:\/\/streetmarkets.fr\/app\/wp-json\/wp\/v2\/comments?post=773438"}],"wp:featuredmedia":[{"embeddable":true,"href":"https:\/\/streetmarkets.fr\/app\/wp-json\/wp\/v2\/media\/773439"}],"wp:attachment":[{"href":"https:\/\/streetmarkets.fr\/app\/wp-json\/wp\/v2\/media?parent=773438"}],"wp:term":[{"taxonomy":"product_brand","embeddable":true,"href":"https:\/\/streetmarkets.fr\/app\/wp-json\/wp\/v2\/product_brand?post=773438"},{"taxonomy":"product_cat","embeddable":true,"href":"https:\/\/streetmarkets.fr\/app\/wp-json\/wp\/v2\/product_cat?post=773438"},{"taxonomy":"product_tag","embeddable":true,"href":"https:\/\/streetmarkets.fr\/app\/wp-json\/wp\/v2\/product_tag?post=773438"}],"curies":[{"name":"wp","href":"https:\/\/api.w.org\/{rel}","templated":true}]}}