{"id":773418,"date":"2024-10-22T14:25:24","date_gmt":"2024-10-22T12:25:24","guid":{"rendered":"https:\/\/streetmarkets.fr\/app\/produit\/culotte-liao-dentelle-myosotis\/"},"modified":"2025-11-24T00:18:24","modified_gmt":"2025-11-23T23:18:24","slug":"culotte-liao-dentelle-myosotis","status":"publish","type":"product","link":"https:\/\/streetmarkets.fr\/app\/produit\/culotte-liao-dentelle-myosotis\/","title":{"rendered":"Culotte Liao dentelle &#8211; Myosotis"},"content":{"rendered":"<p>Une culotte d\u00e9licate et confortable, pens\u00e9e pour se faire plaisir tous les jours sans renoncer au style. Sa dentelle en fibre recycl\u00e9e, souple et douce, \u00e9pouse les courbes avec l\u00e9g\u00e8ret\u00e9 tandis que l\u2019\u00e9lasthanne assure un maintien agr\u00e9able. Le coloris Myosotis apporte une touche \u00e9l\u00e9gante et discr\u00e8te \u00e0 la lingerie.<br \/>\nCon\u00e7ue \u00e0 Paris et fabriqu\u00e9e en Hongrie, elle r\u00e9unit des mati\u00e8res plus responsables : dentelle italienne recycl\u00e9e, coton biologique certifi\u00e9 GOTS et teintures certifi\u00e9es Oeko-Tex 100. Un sous-v\u00eatement de lingerie \u00e9thique pour femme, beau, fiable et facile \u00e0 porter.<\/p>\n","protected":false},"excerpt":{"rendered":"<p>Une culotte d\u00e9licate et confortable, pens\u00e9e pour se faire plaisir tous les jours sans renoncer au style. Sa dentelle en fibre recycl\u00e9e, souple et douce, \u00e9pouse les courbes avec l\u00e9g\u00e8ret\u00e9 tandis que l\u2019\u00e9lasthanne assure un maintien agr\u00e9able. Le coloris Myosotis apporte une touche \u00e9l\u00e9gante et discr\u00e8te \u00e0 la lingerie. Con\u00e7ue \u00e0 Paris et fabriqu\u00e9e en [&hellip;]<\/p>\n","protected":false},"featured_media":773419,"comment_status":"open","ping_status":"closed","template":"","meta":[],"product_brand":[],"product_cat":[1756,1762],"product_tag":[1810],"acf":[],"_links":{"self":[{"href":"https:\/\/streetmarkets.fr\/app\/wp-json\/wp\/v2\/product\/773418"}],"collection":[{"href":"https:\/\/streetmarkets.fr\/app\/wp-json\/wp\/v2\/product"}],"about":[{"href":"https:\/\/streetmarkets.fr\/app\/wp-json\/wp\/v2\/types\/product"}],"replies":[{"embeddable":true,"href":"https:\/\/streetmarkets.fr\/app\/wp-json\/wp\/v2\/comments?post=773418"}],"wp:featuredmedia":[{"embeddable":true,"href":"https:\/\/streetmarkets.fr\/app\/wp-json\/wp\/v2\/media\/773419"}],"wp:attachment":[{"href":"https:\/\/streetmarkets.fr\/app\/wp-json\/wp\/v2\/media?parent=773418"}],"wp:term":[{"taxonomy":"product_brand","embeddable":true,"href":"https:\/\/streetmarkets.fr\/app\/wp-json\/wp\/v2\/product_brand?post=773418"},{"taxonomy":"product_cat","embeddable":true,"href":"https:\/\/streetmarkets.fr\/app\/wp-json\/wp\/v2\/product_cat?post=773418"},{"taxonomy":"product_tag","embeddable":true,"href":"https:\/\/streetmarkets.fr\/app\/wp-json\/wp\/v2\/product_tag?post=773418"}],"curies":[{"name":"wp","href":"https:\/\/api.w.org\/{rel}","templated":true}]}}