{"id":773410,"date":"2024-10-22T14:25:23","date_gmt":"2024-10-22T12:25:23","guid":{"rendered":"https:\/\/streetmarkets.fr\/app\/produit\/culotte-liao-coton-myosotis\/"},"modified":"2025-11-24T00:18:23","modified_gmt":"2025-11-23T23:18:23","slug":"culotte-liao-coton-myosotis","status":"publish","type":"product","link":"https:\/\/streetmarkets.fr\/app\/produit\/culotte-liao-coton-myosotis\/","title":{"rendered":"Culotte Liao coton &#8211; Myosotis"},"content":{"rendered":"<p>La culotte Liao r\u00e9unit l\u2019essentiel d\u2019une lingerie qu\u2019on adore porter au quotidien : la <strong>douceur du coton biologique certifi\u00e9 GOTS<\/strong> et une <strong>dentelle recycl\u00e9e<\/strong> d\u00e9licate fabriqu\u00e9e en Italie. Design\u00e9e \u00e0 Paris et confectionn\u00e9e en Hongrie, elle coche toutes les cases d\u2019une <strong>lingerie \u00e9thique et confortable<\/strong>.<\/p>\n<p>Sa teinte Myosotis met une note \u00e9l\u00e9gante dans le tiroir \u00e0 sous-v\u00eatements, avec des <strong>teintures certifi\u00e9es Oeko-Tex Standard 100<\/strong> sans substances nocives. Un bas joli, respirant et facile \u00e0 aimer, aussi disponible en noir et en rose p\u00e2le.<\/p>\n","protected":false},"excerpt":{"rendered":"<p>La culotte Liao r\u00e9unit l\u2019essentiel d\u2019une lingerie qu\u2019on adore porter au quotidien : la douceur du coton biologique certifi\u00e9 GOTS et une dentelle recycl\u00e9e d\u00e9licate fabriqu\u00e9e en Italie. Design\u00e9e \u00e0 Paris et confectionn\u00e9e en Hongrie, elle coche toutes les cases d\u2019une lingerie \u00e9thique et confortable. Sa teinte Myosotis met une note \u00e9l\u00e9gante dans le tiroir [&hellip;]<\/p>\n","protected":false},"featured_media":773411,"comment_status":"open","ping_status":"closed","template":"","meta":[],"product_brand":[],"product_cat":[1756,1762],"product_tag":[1810],"acf":[],"_links":{"self":[{"href":"https:\/\/streetmarkets.fr\/app\/wp-json\/wp\/v2\/product\/773410"}],"collection":[{"href":"https:\/\/streetmarkets.fr\/app\/wp-json\/wp\/v2\/product"}],"about":[{"href":"https:\/\/streetmarkets.fr\/app\/wp-json\/wp\/v2\/types\/product"}],"replies":[{"embeddable":true,"href":"https:\/\/streetmarkets.fr\/app\/wp-json\/wp\/v2\/comments?post=773410"}],"wp:featuredmedia":[{"embeddable":true,"href":"https:\/\/streetmarkets.fr\/app\/wp-json\/wp\/v2\/media\/773411"}],"wp:attachment":[{"href":"https:\/\/streetmarkets.fr\/app\/wp-json\/wp\/v2\/media?parent=773410"}],"wp:term":[{"taxonomy":"product_brand","embeddable":true,"href":"https:\/\/streetmarkets.fr\/app\/wp-json\/wp\/v2\/product_brand?post=773410"},{"taxonomy":"product_cat","embeddable":true,"href":"https:\/\/streetmarkets.fr\/app\/wp-json\/wp\/v2\/product_cat?post=773410"},{"taxonomy":"product_tag","embeddable":true,"href":"https:\/\/streetmarkets.fr\/app\/wp-json\/wp\/v2\/product_tag?post=773410"}],"curies":[{"name":"wp","href":"https:\/\/api.w.org\/{rel}","templated":true}]}}