{"id":773400,"date":"2024-10-22T14:25:21","date_gmt":"2024-10-22T12:25:21","guid":{"rendered":"https:\/\/streetmarkets.fr\/app\/produit\/bustier-liao-myosotis\/"},"modified":"2025-11-24T00:18:23","modified_gmt":"2025-11-23T23:18:23","slug":"bustier-liao-myosotis","status":"publish","type":"product","link":"https:\/\/streetmarkets.fr\/app\/produit\/bustier-liao-myosotis\/","title":{"rendered":"Bustier Liao &#8211; Myosotis"},"content":{"rendered":"<p>Ce bustier en dentelle recycl\u00e9e r\u00e9unit tout ce qu\u2019on aime dans une lingerie durable : une mati\u00e8re douce et souple, une coupe confortable, et une teinture certifi\u00e9e Oeko-Tex Standard 100. Dessin\u00e9 \u00e0 Paris et fabriqu\u00e9 en Europe (Hongrie), il offre une allure d\u00e9licate au quotidien tout en respectant la peau.<\/p>\n<p>Le motif myosotis apporte une touche po\u00e9tique, facile \u00e0 porter sous une chemise l\u00e9g\u00e8rement ouverte ou un top fluide. Gr\u00e2ce \u00e0 l\u2019\u00e9lasthanne, la dentelle \u00e9pouse le buste en douceur pour un maintien agr\u00e9able, sans compromis sur l\u2019esth\u00e9tique.<\/p>\n<p>Un choix s\u00fbr pour celles qui veulent une lingerie \u00e9thique, jolie et facile \u00e0 vivre, \u00e0 s\u2019offrir ou \u00e0 offrir en toute occasion.<\/p>\n","protected":false},"excerpt":{"rendered":"<p>Ce bustier en dentelle recycl\u00e9e r\u00e9unit tout ce qu\u2019on aime dans une lingerie durable : une mati\u00e8re douce et souple, une coupe confortable, et une teinture certifi\u00e9e Oeko-Tex Standard 100. Dessin\u00e9 \u00e0 Paris et fabriqu\u00e9 en Europe (Hongrie), il offre une allure d\u00e9licate au quotidien tout en respectant la peau. Le motif myosotis apporte une [&hellip;]<\/p>\n","protected":false},"featured_media":773401,"comment_status":"open","ping_status":"closed","template":"","meta":[],"product_brand":[],"product_cat":[1756,1762],"product_tag":[1810],"acf":[],"_links":{"self":[{"href":"https:\/\/streetmarkets.fr\/app\/wp-json\/wp\/v2\/product\/773400"}],"collection":[{"href":"https:\/\/streetmarkets.fr\/app\/wp-json\/wp\/v2\/product"}],"about":[{"href":"https:\/\/streetmarkets.fr\/app\/wp-json\/wp\/v2\/types\/product"}],"replies":[{"embeddable":true,"href":"https:\/\/streetmarkets.fr\/app\/wp-json\/wp\/v2\/comments?post=773400"}],"wp:featuredmedia":[{"embeddable":true,"href":"https:\/\/streetmarkets.fr\/app\/wp-json\/wp\/v2\/media\/773401"}],"wp:attachment":[{"href":"https:\/\/streetmarkets.fr\/app\/wp-json\/wp\/v2\/media?parent=773400"}],"wp:term":[{"taxonomy":"product_brand","embeddable":true,"href":"https:\/\/streetmarkets.fr\/app\/wp-json\/wp\/v2\/product_brand?post=773400"},{"taxonomy":"product_cat","embeddable":true,"href":"https:\/\/streetmarkets.fr\/app\/wp-json\/wp\/v2\/product_cat?post=773400"},{"taxonomy":"product_tag","embeddable":true,"href":"https:\/\/streetmarkets.fr\/app\/wp-json\/wp\/v2\/product_tag?post=773400"}],"curies":[{"name":"wp","href":"https:\/\/api.w.org\/{rel}","templated":true}]}}