{"id":773392,"date":"2024-10-22T14:25:21","date_gmt":"2024-10-22T12:25:21","guid":{"rendered":"https:\/\/streetmarkets.fr\/app\/produit\/brassiere-liao-myosotis\/"},"modified":"2025-11-24T00:18:23","modified_gmt":"2025-11-23T23:18:23","slug":"brassiere-liao-myosotis","status":"publish","type":"product","link":"https:\/\/streetmarkets.fr\/app\/produit\/brassiere-liao-myosotis\/","title":{"rendered":"Brassi\u00e8re Liao &#8211; Myosotis"},"content":{"rendered":"<p>Une brassi\u00e8re en dentelle qui coche toutes les cases du quotidien. La Liao version Myosotis offre un maintien l\u00e9ger, tout en souplesse, gr\u00e2ce \u00e0 une dentelle douce et extensible. Pens\u00e9e \u00e0 Paris et fabriqu\u00e9e en Hongrie, elle allie style d\u00e9licat et fabrication europ\u00e9enne responsable. La dentelle utilise des fibres recycl\u00e9es et les teintures sont certifi\u00e9es Oeko\u2011Tex 100, pour une lingerie belle \u00e0 porter et plus sereine pour la peau. Le coloris bleu myosotis apporte ce petit twist chic qui se devine sous une chemise ou se porte juste pour soi.<\/p>\n","protected":false},"excerpt":{"rendered":"<p>Une brassi\u00e8re en dentelle qui coche toutes les cases du quotidien. La Liao version Myosotis offre un maintien l\u00e9ger, tout en souplesse, gr\u00e2ce \u00e0 une dentelle douce et extensible. Pens\u00e9e \u00e0 Paris et fabriqu\u00e9e en Hongrie, elle allie style d\u00e9licat et fabrication europ\u00e9enne responsable. La dentelle utilise des fibres recycl\u00e9es et les teintures sont certifi\u00e9es [&hellip;]<\/p>\n","protected":false},"featured_media":773393,"comment_status":"open","ping_status":"closed","template":"","meta":[],"product_brand":[],"product_cat":[1756,1762],"product_tag":[1810],"acf":[],"_links":{"self":[{"href":"https:\/\/streetmarkets.fr\/app\/wp-json\/wp\/v2\/product\/773392"}],"collection":[{"href":"https:\/\/streetmarkets.fr\/app\/wp-json\/wp\/v2\/product"}],"about":[{"href":"https:\/\/streetmarkets.fr\/app\/wp-json\/wp\/v2\/types\/product"}],"replies":[{"embeddable":true,"href":"https:\/\/streetmarkets.fr\/app\/wp-json\/wp\/v2\/comments?post=773392"}],"wp:featuredmedia":[{"embeddable":true,"href":"https:\/\/streetmarkets.fr\/app\/wp-json\/wp\/v2\/media\/773393"}],"wp:attachment":[{"href":"https:\/\/streetmarkets.fr\/app\/wp-json\/wp\/v2\/media?parent=773392"}],"wp:term":[{"taxonomy":"product_brand","embeddable":true,"href":"https:\/\/streetmarkets.fr\/app\/wp-json\/wp\/v2\/product_brand?post=773392"},{"taxonomy":"product_cat","embeddable":true,"href":"https:\/\/streetmarkets.fr\/app\/wp-json\/wp\/v2\/product_cat?post=773392"},{"taxonomy":"product_tag","embeddable":true,"href":"https:\/\/streetmarkets.fr\/app\/wp-json\/wp\/v2\/product_tag?post=773392"}],"curies":[{"name":"wp","href":"https:\/\/api.w.org\/{rel}","templated":true}]}}