{"id":773385,"date":"2024-10-22T14:25:20","date_gmt":"2024-10-22T12:25:20","guid":{"rendered":"https:\/\/streetmarkets.fr\/app\/produit\/culotte-liao-dentelle-noir\/"},"modified":"2025-11-24T00:18:23","modified_gmt":"2025-11-23T23:18:23","slug":"culotte-liao-dentelle-noir","status":"publish","type":"product","link":"https:\/\/streetmarkets.fr\/app\/produit\/culotte-liao-dentelle-noir\/","title":{"rendered":"Culotte Liao dentelle &#8211; Noir"},"content":{"rendered":"<p>Une culotte noire en dentelle recycl\u00e9e, fine et souple, pens\u00e9e pour sublimer sans sacrifier le confort. Design\u00e9e \u00e0 Paris et fabriqu\u00e9e en Hongrie, elle r\u00e9unit tout ce qu\u2019on aime dans une <strong>lingerie \u00e9thique pour femme<\/strong> : une dentelle italienne douce et extensible, du <strong>coton biologique certifi\u00e9 GOTS<\/strong> et des teintures <strong>Oeko-Tex 100<\/strong>.<\/p>\n<p>La mati\u00e8re \u00e9pouse les formes en d\u00e9licatesse et reste agr\u00e9able toute la journ\u00e9e. C\u00f4t\u00e9 style, la <strong>culotte dentelle noire<\/strong> est un intemporel facile \u00e0 porter, aussi chic que discret. Selon vos envies, elle existe aussi en rose p\u00e2le.<\/p>\n","protected":false},"excerpt":{"rendered":"<p>Une culotte noire en dentelle recycl\u00e9e, fine et souple, pens\u00e9e pour sublimer sans sacrifier le confort. Design\u00e9e \u00e0 Paris et fabriqu\u00e9e en Hongrie, elle r\u00e9unit tout ce qu\u2019on aime dans une lingerie \u00e9thique pour femme : une dentelle italienne douce et extensible, du coton biologique certifi\u00e9 GOTS et des teintures Oeko-Tex 100. La mati\u00e8re \u00e9pouse [&hellip;]<\/p>\n","protected":false},"featured_media":773386,"comment_status":"open","ping_status":"closed","template":"","meta":[],"product_brand":[],"product_cat":[1756,1762],"product_tag":[1810],"acf":[],"_links":{"self":[{"href":"https:\/\/streetmarkets.fr\/app\/wp-json\/wp\/v2\/product\/773385"}],"collection":[{"href":"https:\/\/streetmarkets.fr\/app\/wp-json\/wp\/v2\/product"}],"about":[{"href":"https:\/\/streetmarkets.fr\/app\/wp-json\/wp\/v2\/types\/product"}],"replies":[{"embeddable":true,"href":"https:\/\/streetmarkets.fr\/app\/wp-json\/wp\/v2\/comments?post=773385"}],"wp:featuredmedia":[{"embeddable":true,"href":"https:\/\/streetmarkets.fr\/app\/wp-json\/wp\/v2\/media\/773386"}],"wp:attachment":[{"href":"https:\/\/streetmarkets.fr\/app\/wp-json\/wp\/v2\/media?parent=773385"}],"wp:term":[{"taxonomy":"product_brand","embeddable":true,"href":"https:\/\/streetmarkets.fr\/app\/wp-json\/wp\/v2\/product_brand?post=773385"},{"taxonomy":"product_cat","embeddable":true,"href":"https:\/\/streetmarkets.fr\/app\/wp-json\/wp\/v2\/product_cat?post=773385"},{"taxonomy":"product_tag","embeddable":true,"href":"https:\/\/streetmarkets.fr\/app\/wp-json\/wp\/v2\/product_tag?post=773385"}],"curies":[{"name":"wp","href":"https:\/\/api.w.org\/{rel}","templated":true}]}}