{"id":773378,"date":"2024-10-22T14:25:19","date_gmt":"2024-10-22T12:25:19","guid":{"rendered":"https:\/\/streetmarkets.fr\/app\/produit\/culotte-liao-coton-noir\/"},"modified":"2025-11-24T00:18:23","modified_gmt":"2025-11-23T23:18:23","slug":"culotte-liao-coton-noir","status":"publish","type":"product","link":"https:\/\/streetmarkets.fr\/app\/produit\/culotte-liao-coton-noir\/","title":{"rendered":"Culotte Liao coton &#8211; Noir"},"content":{"rendered":"<p>Un essentiel de lingerie qui fait du bien au quotidien. Cette culotte en coton biologique certifi\u00e9 GOTS offre une sensation de douceur et de l\u00e9g\u00e8ret\u00e9 sur la peau, id\u00e9ale pour la journ\u00e9e. La dentelle en fibres recycl\u00e9es, fabriqu\u00e9e en Italie, ajoute une finition f\u00e9minine sans compromis sur l\u2019\u00e9thique. Le noir, intemporel, se glisse sous toutes les tenues.<br \/>\nDesign\u00e9e \u00e0 Paris et fabriqu\u00e9e en Hongrie, elle r\u00e9unit confort, style et tra\u00e7abilit\u00e9. Les teintures certifi\u00e9es Oeko\u2011Tex 100 garantissent l\u2019absence de substances nocives. Un choix simple, \u00e9l\u00e9gant et vraiment agr\u00e9able \u00e0 porter.<\/p>\n","protected":false},"excerpt":{"rendered":"<p>Un essentiel de lingerie qui fait du bien au quotidien. Cette culotte en coton biologique certifi\u00e9 GOTS offre une sensation de douceur et de l\u00e9g\u00e8ret\u00e9 sur la peau, id\u00e9ale pour la journ\u00e9e. La dentelle en fibres recycl\u00e9es, fabriqu\u00e9e en Italie, ajoute une finition f\u00e9minine sans compromis sur l\u2019\u00e9thique. Le noir, intemporel, se glisse sous toutes [&hellip;]<\/p>\n","protected":false},"featured_media":773379,"comment_status":"open","ping_status":"closed","template":"","meta":[],"product_brand":[],"product_cat":[1756,1762],"product_tag":[1810],"acf":[],"_links":{"self":[{"href":"https:\/\/streetmarkets.fr\/app\/wp-json\/wp\/v2\/product\/773378"}],"collection":[{"href":"https:\/\/streetmarkets.fr\/app\/wp-json\/wp\/v2\/product"}],"about":[{"href":"https:\/\/streetmarkets.fr\/app\/wp-json\/wp\/v2\/types\/product"}],"replies":[{"embeddable":true,"href":"https:\/\/streetmarkets.fr\/app\/wp-json\/wp\/v2\/comments?post=773378"}],"wp:featuredmedia":[{"embeddable":true,"href":"https:\/\/streetmarkets.fr\/app\/wp-json\/wp\/v2\/media\/773379"}],"wp:attachment":[{"href":"https:\/\/streetmarkets.fr\/app\/wp-json\/wp\/v2\/media?parent=773378"}],"wp:term":[{"taxonomy":"product_brand","embeddable":true,"href":"https:\/\/streetmarkets.fr\/app\/wp-json\/wp\/v2\/product_brand?post=773378"},{"taxonomy":"product_cat","embeddable":true,"href":"https:\/\/streetmarkets.fr\/app\/wp-json\/wp\/v2\/product_cat?post=773378"},{"taxonomy":"product_tag","embeddable":true,"href":"https:\/\/streetmarkets.fr\/app\/wp-json\/wp\/v2\/product_tag?post=773378"}],"curies":[{"name":"wp","href":"https:\/\/api.w.org\/{rel}","templated":true}]}}