{"id":773356,"date":"2024-10-22T14:24:43","date_gmt":"2024-10-22T12:24:43","guid":{"rendered":"https:\/\/streetmarkets.fr\/app\/produit\/soutien-gorge-neva-noir\/"},"modified":"2025-11-24T00:18:23","modified_gmt":"2025-11-23T23:18:23","slug":"soutien-gorge-neva-noir","status":"publish","type":"product","link":"https:\/\/streetmarkets.fr\/app\/produit\/soutien-gorge-neva-noir\/","title":{"rendered":"Soutien-gorge Neva &#8211; Noir"},"content":{"rendered":"<p>Neva, c\u2019est le soutien-gorge noir qui r\u00e9unit confort et style sans effort. Il associe un coton biologique tout doux \u00e0 un tulle recycl\u00e9 aux motifs floraux en velours, pour un rendu graphique et f\u00e9minin. Les mati\u00e8res sont certifi\u00e9es et les teintures garanties sans substances nocives. Design\u00e9 \u00e0 Paris et fabriqu\u00e9 en Hongrie, il coche toutes les cases de la lingerie \u00e9thique qui fait se sentir bien, tous les jours.<\/p>\n","protected":false},"excerpt":{"rendered":"<p>Neva, c\u2019est le soutien-gorge noir qui r\u00e9unit confort et style sans effort. Il associe un coton biologique tout doux \u00e0 un tulle recycl\u00e9 aux motifs floraux en velours, pour un rendu graphique et f\u00e9minin. Les mati\u00e8res sont certifi\u00e9es et les teintures garanties sans substances nocives. Design\u00e9 \u00e0 Paris et fabriqu\u00e9 en Hongrie, il coche toutes [&hellip;]<\/p>\n","protected":false},"featured_media":773357,"comment_status":"open","ping_status":"closed","template":"","meta":[],"product_brand":[],"product_cat":[1756,1762],"product_tag":[1810],"acf":[],"_links":{"self":[{"href":"https:\/\/streetmarkets.fr\/app\/wp-json\/wp\/v2\/product\/773356"}],"collection":[{"href":"https:\/\/streetmarkets.fr\/app\/wp-json\/wp\/v2\/product"}],"about":[{"href":"https:\/\/streetmarkets.fr\/app\/wp-json\/wp\/v2\/types\/product"}],"replies":[{"embeddable":true,"href":"https:\/\/streetmarkets.fr\/app\/wp-json\/wp\/v2\/comments?post=773356"}],"wp:featuredmedia":[{"embeddable":true,"href":"https:\/\/streetmarkets.fr\/app\/wp-json\/wp\/v2\/media\/773357"}],"wp:attachment":[{"href":"https:\/\/streetmarkets.fr\/app\/wp-json\/wp\/v2\/media?parent=773356"}],"wp:term":[{"taxonomy":"product_brand","embeddable":true,"href":"https:\/\/streetmarkets.fr\/app\/wp-json\/wp\/v2\/product_brand?post=773356"},{"taxonomy":"product_cat","embeddable":true,"href":"https:\/\/streetmarkets.fr\/app\/wp-json\/wp\/v2\/product_cat?post=773356"},{"taxonomy":"product_tag","embeddable":true,"href":"https:\/\/streetmarkets.fr\/app\/wp-json\/wp\/v2\/product_tag?post=773356"}],"curies":[{"name":"wp","href":"https:\/\/api.w.org\/{rel}","templated":true}]}}