{"id":773346,"date":"2024-10-22T14:24:41","date_gmt":"2024-10-22T12:24:41","guid":{"rendered":"https:\/\/streetmarkets.fr\/app\/produit\/culotte-amour-noir\/"},"modified":"2025-11-24T00:18:23","modified_gmt":"2025-11-23T23:18:23","slug":"culotte-amour-noir","status":"publish","type":"product","link":"https:\/\/streetmarkets.fr\/app\/produit\/culotte-amour-noir\/","title":{"rendered":"Culotte Amour &#8211; Noir"},"content":{"rendered":"<p>Une face en coton biologique tout doux, un dos en tulle recycl\u00e9 parsem\u00e9 de petits c\u0153urs en velours\u2026 Cette culotte noire joue l\u2019\u00e9quilibre parfait entre confort et allure. Le coton certifi\u00e9 GOTS apporte une sensation de douceur agr\u00e9able au quotidien, tandis que le tulle fin et graphique ajoute juste ce qu\u2019il faut de fantaisie. Les teintures sont certifi\u00e9es Oeko-Tex 100, pour porter une lingerie belle et plus responsable. Design\u00e9e \u00e0 Paris et fabriqu\u00e9e en Hongrie, elle se porte autant tous les jours que pour une occasion sp\u00e9ciale. Existe aussi en rose.<\/p>\n","protected":false},"excerpt":{"rendered":"<p>Une face en coton biologique tout doux, un dos en tulle recycl\u00e9 parsem\u00e9 de petits c\u0153urs en velours\u2026 Cette culotte noire joue l\u2019\u00e9quilibre parfait entre confort et allure. Le coton certifi\u00e9 GOTS apporte une sensation de douceur agr\u00e9able au quotidien, tandis que le tulle fin et graphique ajoute juste ce qu\u2019il faut de fantaisie. Les [&hellip;]<\/p>\n","protected":false},"featured_media":773347,"comment_status":"open","ping_status":"closed","template":"","meta":[],"product_brand":[],"product_cat":[1756,1762],"product_tag":[1810],"acf":[],"_links":{"self":[{"href":"https:\/\/streetmarkets.fr\/app\/wp-json\/wp\/v2\/product\/773346"}],"collection":[{"href":"https:\/\/streetmarkets.fr\/app\/wp-json\/wp\/v2\/product"}],"about":[{"href":"https:\/\/streetmarkets.fr\/app\/wp-json\/wp\/v2\/types\/product"}],"replies":[{"embeddable":true,"href":"https:\/\/streetmarkets.fr\/app\/wp-json\/wp\/v2\/comments?post=773346"}],"wp:featuredmedia":[{"embeddable":true,"href":"https:\/\/streetmarkets.fr\/app\/wp-json\/wp\/v2\/media\/773347"}],"wp:attachment":[{"href":"https:\/\/streetmarkets.fr\/app\/wp-json\/wp\/v2\/media?parent=773346"}],"wp:term":[{"taxonomy":"product_brand","embeddable":true,"href":"https:\/\/streetmarkets.fr\/app\/wp-json\/wp\/v2\/product_brand?post=773346"},{"taxonomy":"product_cat","embeddable":true,"href":"https:\/\/streetmarkets.fr\/app\/wp-json\/wp\/v2\/product_cat?post=773346"},{"taxonomy":"product_tag","embeddable":true,"href":"https:\/\/streetmarkets.fr\/app\/wp-json\/wp\/v2\/product_tag?post=773346"}],"curies":[{"name":"wp","href":"https:\/\/api.w.org\/{rel}","templated":true}]}}